{"id":1688,"date":"2019-11-29T12:40:36","date_gmt":"2019-11-29T18:40:36","guid":{"rendered":"http:\/\/site-dgru.lan.ccud.unam.mx\/?page_id=1688"},"modified":"2025-09-29T18:12:49","modified_gmt":"2025-09-29T23:12:49","slug":"portal-de-datos-abiertos-unam-colecciones-universitarias-2","status":"publish","type":"page","link":"https:\/\/dgru.unam.mx\/index.php\/portal-de-datos-abiertos-unam-colecciones-universitarias-2\/","title":{"rendered":"Portal de Datos Abiertos UNAM, Colecciones Universitarias"},"content":{"rendered":"\n<div class=\"portales-dgru-container cont-pda-page-desc\">\n   <div class=\"description-portales-dgru\">\n      <p class=\"config-p-header\"><\/p> \n      <p>El <a href=\"https:\/\/datosabiertos.unam.mx\/\" target=\"_blank\" rel=\"noopener noreferrer\" class=\"config-title-desc\">Portal de Datos Abiertos UNAM, Colecciones Universitarias<\/a> (PDA-UNAM)  es un punto de acceso en l\u00ednea para la consulta de datos de colecciones universitarias que re\u00fane acervos que est\u00e1n f\u00edsicamente dispersos. De este modo, a trav\u00e9s del portal se pueden consultar datos de distintas colecciones y crear nuevos conjuntos de informaci\u00f3n. Este sistema de consulta es posible gracias a la aplicaci\u00f3n de protocolos, procedimientos y de una metodolog\u00eda especializada para la integraci\u00f3n y publicaci\u00f3n de datos de colecciones de distinta naturaleza y origen, que incluye procesos de estandarizaci\u00f3n y control de calidad.<\/p>\n<div style=\"margin-bottom:1em;\">\n     <ul class=\"pills-dgru\">\n        <li style=\"margin-left:5px; color: #656565;\">Caracter\u00edsticas:<\/li>\n        <li class=\"c-anclas-dgru\"><a href=\"#c-contenido\">Colecciones Universitarias<\/a><\/li>\n        <li class=\"c-anclas-dgru\"><a href=\"#c-herramientas\">Herramientas de consulta<\/a><\/li>\n        <li class=\"c-anclas-dgru\"><a href=\"#c-publicacion\">Publicaci\u00f3n de fichas \u00fanicas<\/a><\/li>\n        <li class=\"c-anclas-dgru\"><a href=\"#c-generacion\">Generaci\u00f3n de mapas<\/a><\/li>\n        <li class=\"c-anclas-dgru\"><a href=\"#c-relacion\">Contenidos multimedia<\/a><\/li>\n        <li class=\"c-anclas-dgru\"><a href=\"#c-visualizacion\">Im\u00e1genes de alta resoluci\u00f3n<\/a><\/li>\n        <li class=\"c-anclas-dgru\"><a href=\"#c-datos\">Datos entrelazados<\/a><\/li>\n        <li class=\"c-anclas-dgru\"><a href=\"#c-servicios\">Interoperabilidad<\/a><\/li>\n     <\/ul>\n  <\/div>\n\n      <div><img src=\"\/wp-content\/uploads\/2020\/01\/PDA4x4.png\" class=\"efecto-imagen-space-dgru img-pda-description-dgru\"><\/div>\n   \n      <p>El <a href=\"https:\/\/datosabiertos.unam.mx\/\" target=\"_blank\" rel=\"noopener noreferrer\" class=\"config-title-desc\">PDA-UNAM<\/a> usa un sistema de bases de datos estandarizadas que, por medio de servicios web, integra datos tabulares, geoespaciales y objetos digitales. Para cada registro de una colecci\u00f3n, la plataforma genera una ficha digital con una direcci\u00f3n \u00fanica (URL) que es indexada por motores de b\u00fasqueda de internet como Google. Cada una de estas fichas contiene toda la informaci\u00f3n relacionada con el ejemplar, adem\u00e1s de informaci\u00f3n y metadatos que le dan contexto y lo vinculan con otros registros. Adem\u00e1s, el Portal permite la consulta y descarga de conjuntos de datos en formatos abiertos, estandarizados y estructurados, lo que contribuye a generar nuevo conocimiento y nuevas l\u00edneas de investigaci\u00f3n basadas en el an\u00e1lisis de grandes cantidades de datos.<\/p>\n\n      <p>Las colecciones universitarias digitales se publican como datos abiertos; esto significa que los registros pueden descargarse, usarse, reutilizarse y redistribuirse de forma libre gracias a los <a href=\"\/wp-content\/uploads\/2025\/09\/TE_DGRU_DG_2015_C_Terminos_Libre_Uso_Datos_Abiertos_UNAM_20250508_rs.pdf\" target=\"_blank\" class=\"config-title-desc\" rel=\"noopener noreferrer\">\u201cT\u00e9rminos de libre uso de datos abiertos de la UNAM\u201d<\/a> que definen las responsabilidades aplicables a los usuarios sobre el manejo de los datos. Tambi\u00e9n se publicaron en <em>Gaceta UNAM<\/em> los <a href=\"\/wp-content\/uploads\/2019\/10\/D.Li_.Ga_CCUD_2015_09_24_Integracion_Publicacion_Colecciones_PDA_UNAM.pdf\" target=\"_blank\" class=\"config-title-desc\" rel=\"noopener noreferrer\">\u201cLineamientos para la Integraci\u00f3n y Publicaci\u00f3n de las Colecciones Universitarias Digitales en el Portal de Datos Abiertos UNAM, Colecciones Universitarias\u201d<\/a> que definen los criterios de publicaci\u00f3n que protegen la integridad de personas, especies u objetos, adem\u00e1s de garantizar el cumplimiento de la legislaci\u00f3n aplicable a datos confidenciales y personales.<\/p>\n\n     <p id=\"c-contenido\" style=\"font-size:21px; font-weight:bold;\" class=\"text-directory-dgru\"><strong>Colecciones Universitarias<\/strong><\/p>\n     <p>El <a href=\"https:\/\/datosabiertos.unam.mx\/\" target=\"_blank\" rel=\"noopener noreferrer\" class=\"config-title-desc\">PDA-UNAM<\/a> cuenta con cerca de dos millones de registros de 56 colecciones universitarias digitales de biodiversidad, obra art\u00edstica, objetos digitales, proyectos universitarios y productos de investigaci\u00f3n. A pesar de su diversidad, todas ellas cuentan con el respaldo de los acad\u00e9micos que las resguardan. Los temas generales de las colecciones son los siguientes:<\/p>\n\n     <p class=\"text-directory-dgru\"><strong>Colecciones biol\u00f3gicas<\/strong><\/p>\n     <p>Estas colecciones preservan ejemplares de plantas, animales y hongos depositados en distintas entidades universitarias. En su conjunto, las colecciones representan el registro m\u00e1s completo que existe sobre la biodiversidad mexicana. Estos datos son una referencia fundamental para el conocimiento de las especies y su distribuci\u00f3n geogr\u00e1fica.<\/p>\n\n     <p class=\"text-directory-dgru\"><strong>Obra art\u00edstica<\/strong><\/p>\n     <p>Esta secci\u00f3n del <a href=\"https:\/\/datosabiertos.unam.mx\/\" target=\"_blank\" rel=\"noopener noreferrer\" class=\"config-title-desc\">PDA-UNAM<\/a> actualmente incluye datos de las colecciones del Archivo Fotogr\u00e1fico Manuel Toussaint, un acervo especializado en la reproducci\u00f3n y el registro de obra, como pintura, mural o arquitectura, principalmente de nuestro pa\u00eds. Los datos de esta colecci\u00f3n, considerada la m\u00e1s importante en su tipo en Am\u00e9rica Latina, son un recurso digital que puede ser de gran relevancia para la investigaci\u00f3n en el \u00e1mbito de las artes y las humanidades.<\/p>\n\n     <p class=\"text-directory-dgru\"><strong>Objetos digitales<\/strong><\/p>\n     <p>Esta secci\u00f3n integra registros asociados a objetos en formato digital, pertenecientes a archivos personales o acad\u00e9micos. Provienen de entidades tan diversas como la Facultad de Medicina Veterinaria y Zootecnia o la Facultad de M\u00fasica. En su conjunto conforman un importante patrimonio acad\u00e9mico y cultural.<\/p>\n\n     <p class=\"text-directory-dgru\"><strong>Proyectos universitarios<\/strong><\/p>\n     <p>Este conjunto aporta informaci\u00f3n sobre las investigaciones promovidas por la Universidad a trav\u00e9s del Programa de Apoyo a Proyectos de Investigaci\u00f3n e Innovaci\u00f3n Tecnol\u00f3gica (PAPIIT). La colecci\u00f3n es un resultado de transparencia acad\u00e9mica, ya que los datos permiten conocer las \u00e1reas y enfoques de las investigaciones; adem\u00e1s, es posible identificar posibles temas de oportunidad, instituciones  y personas que realizan proyectos afines.<\/p>\n\n     <p class=\"text-directory-dgru\"><strong>Productos de investigaci\u00f3n<\/strong><\/p>\n     <p>Esta colecci\u00f3n agrupa los productos resultantes de la investigaci\u00f3n acad\u00e9mica en la Universidad, e incluye conjuntos de datos, art\u00edculos, memorias, etc\u00e9tera. A trav\u00e9s de estas colecciones los usuarios pueden acceder a los resultados de las distintas etapas del proceso de investigaci\u00f3n, desde los datos hasta los productos de divulgaci\u00f3n.<\/p>\n\n     <p style=\"font-size:21px; font-weight:bold;\" class=\"text-directory-dgru\">Caracter\u00edsticas del PDA-UNAM<\/p>\n     <p>Tanto el desarrollo tecnol\u00f3gico del Portal, como la metodolog\u00eda para la arquitectura y gesti\u00f3n de datos se realizaron en la UNAM, por el equipo de la DGRU. Entre las principales caracter\u00edsticas de este sistema se encuentran las siguientes:<\/p>\n\n     <p id=\"c-herramientas\" class=\"text-directory-dgru\"><strong>1. Herramientas de consulta<\/strong><\/p>\n     <p>El Portal tiene un dise\u00f1o que permite la integraci\u00f3n de los distintos acervos digitales para su consulta. Su p\u00e1gina de inicio muestra, en fracciones de segundo, el contenido total de registros, as\u00ed como las diferentes opciones para realizar b\u00fasquedas m\u00e1s espec\u00edficas. Estas opciones son filtros que agrupan conjuntos de informaci\u00f3n com\u00fan a todas las colecciones y as\u00ed seleccionar alguno de los distintos temas.<\/p>\n\n     <p id=\"c-publicacion\" class=\"text-directory-dgru\"><strong>2. Publicaci\u00f3n de fichas \u00fanicas<\/strong><\/p>\n     <p>Cada uno de los registros se muestra como una ficha \u00fanica que cuenta con una direcci\u00f3n propia URL de f\u00e1cil recuperaci\u00f3n en internet. Estas fichas siempre conservan los datos de origen como el nombre de la colecci\u00f3n, la entidad o dependencia que la resguarda, el curador o responsable de la informaci\u00f3n y el departamento al que pertenece; tambi\u00e9n incluye referencias de clasificaci\u00f3n que describen las caracter\u00edsticas del objeto o ejemplar. Cada una de las fichas va acompa\u00f1ada de la informaci\u00f3n de contacto y su forma de citar.<\/p>\n\n     <p id=\"c-generacion\" class=\"text-directory-dgru\"><strong>3. Generaci\u00f3n de mapas<\/strong><\/p>\n     <p>El <a href=\"https:\/\/datosabiertos.unam.mx\/\" target=\"_blank\" rel=\"noopener noreferrer\" class=\"config-title-desc\">PDA-UNAM<\/a> cuenta con un repositorio que resguarda y administra capas y datos geoespaciales, as\u00ed como sus metadatos. Este repositorio puede almacenar hasta 50 mil capas y cuenta con mecanismos de acceso r\u00e1pido a los contenidos. Utiliza protocolos estandarizados para compartir metadatos y capas con otras plataformas, as\u00ed como una herramienta de visualizaci\u00f3n de mapas en l\u00ednea. Las capas pueden provenir de los datos de las colecciones o de servidores ubicados en otras dependencias y entidades, universitarias o externas.<\/p>\n\n     <p id=\"c-relacion\" class=\"text-directory-dgru\"><strong>4. Contenidos multimedia<\/strong><\/p>\n     <p>En el El <a href=\"https:\/\/datosabiertos.unam.mx\/\" target=\"_blank\" rel=\"noopener noreferrer\" class=\"config-title-desc\">PDA-UNAM<\/a> se encuentra un repositorio de objetos digitales cuya principal funci\u00f3n es el resguardo y administraci\u00f3n de im\u00e1genes, documentos y audios para ser procesados, indexados y expuestos para consulta y visualizaci\u00f3n en cada una de las fichas.<\/p>\n\n     <p id=\"c-visualizacion\" class=\"text-directory-dgru\"><strong>5. Im\u00e1genes de alta resoluci\u00f3n<\/strong><\/p>\n     <p>El <a href=\"https:\/\/datosabiertos.unam.mx\/\" target=\"_blank\" rel=\"noopener noreferrer\" class=\"config-title-desc\">PDA-UNAM<\/a> con m\u00e1s de un mill\u00f3n de im\u00e1genes digitalizadas en alta resoluci\u00f3n. Estas im\u00e1genes tambi\u00e9n forman parte del repositorio del Portal, que permite tratar de manera especial im\u00e1genes de alta calidad para su visualizaci\u00f3n en navegadores web, sin detrimento por su tama\u00f1o o el ancho de banda del usuario.<\/p>\n\n     <p id=\"c-datos\" class=\"text-directory-dgru\"><strong>6. Datos entrelazados<\/strong><\/p>\n     <p>Las colecciones del <a href=\"https:\/\/datosabiertos.unam.mx\/\" target=\"_blank\" rel=\"noopener noreferrer\" class=\"config-title-desc\">PDA-UNAM<\/a> comparten procesos de estandarizaci\u00f3n y criterios homog\u00e9neos para los datos, lo que permite que cada una de ellas se pueda enriquecer con otras fuentes universitarias y extrauniversitarias de informaci\u00f3n y de datos a trav\u00e9s de la tecnolog\u00eda de datos entrelazados.<\/p>\n\n     <p id=\"c-servicios\" class=\"text-directory-dgru\"><strong>7. Interoperabilidad<\/strong><\/p>\n     <p>Los registros de las colecciones se consultan a trav\u00e9s del PDA-UNAM o por medio de servicios de conectividad (API), dise\u00f1ados para que otras plataformas puedan realizar consultas e intercambiar contenidos.<\/p>\n\n      <p class=\"text-directory-dgru\"><a href=\"https:\/\/datosabiertos.unam.mx\/\" target=\"_blank\" rel=\"noopener noreferrer\" class=\"config-title-desc\">PDA-UNAM<\/a> es la interfaz de consulta de la plataforma inform\u00e1tica de la DGRU (Aurora), dise\u00f1ada para el resguardo, manejo, integraci\u00f3n y publicaci\u00f3n de la informaci\u00f3n de las colecciones universitarias digitales. Las caracter\u00edsticas de este sistema la hacen ideal para:<\/p>\n<br>\n\n      <ul class=\"lista-texto-dgru-repositorios\">\n         <li>generar nuevos conocimientos en los procesos de investigaci\u00f3n;<\/li><br>\n         <li>estimular la creatividad y el desarrollo de \u00e1reas emergentes de investigaci\u00f3n y docencia;<\/li><br>\n         <li>ayudar en la mejora constante de la calidad y excelencia acad\u00e9mica de la universidad;<\/li><br>\n         <li>mejorar la capacidad de respuesta a los nuevos problemas globales;<\/li><br>\n         <li>contribuir a la innovaci\u00f3n y mejora de herramientas, productos y servicios;<\/li><br>\n         <li>transparentar los procesos de investigaci\u00f3n a trav\u00e9s de la ciencia abierta, y<\/li><br>\n         <li>fortalecer la apertura y rendici\u00f3n de cuentas de la Universidad a la sociedad.<\/li><br>\n      <\/ul>\n      <br>\n      <p>La integraci\u00f3n de datos de \u00e1reas tan diversas como las que cultiva la UNAM permite detectar patrones que hasta ahora permanec\u00edan ocultos y comprender mejor los sistemas complejos para encarar desaf\u00edos globales contempor\u00e1neos, como el calentamiento global, las nuevas enfermedades infecciosas o las migraciones masivas, en los que es clave combinar conocimientos y datos de diversas disciplinas.<\/p>\n\n      <p>El <a href=\"https:\/\/datosabiertos.unam.mx\/\" target=\"_blank\" rel=\"noopener noreferrer\" class=\"config-title-desc\">PDA-UNAM<\/a> es una herramienta que fomenta la ciencia abierta, indispensable para enfrentar los desaf\u00edos del desarrollo humano, involucrando a los cient\u00edficos, tecn\u00f3logos, dise\u00f1adores de pol\u00edticas y a la sociedad en general.<\/p>\n\n   <\/div>\n\n\n\n   <div class=\"aside-portales-dgru\">\n      <ul>\n         <li class=\"title-lista-fichas-dgru\">Lineamientos<\/li>\n         <ul style=\"margin-bottom:2em;\" class=\"c-lista-descripcion-fichas\">\n             <li><a href=\"\/wp-content\/uploads\/2019\/10\/D.Li_.Ga_CCUD_2015_09_24_Integracion_Publicacion_Colecciones_PDA_UNAM.pdf\" title=\"Lineamientos para la Integraci\u00f3n y Publicaci\u00f3n de las Colecciones Universitarias Digitales en el Portal de Datos Abiertos UNAM, Colecciones Universitarias\" target=\"_blank\" rel=\"noopener noreferrer\"><img src=\"\/wp-content\/uploads\/2019\/10\/D.Li_.Ga_CCUD_2015_09_24_Integracion_Publicacion_Colecciones_PDA_UNAM_200_0.png\"> <span>Lineamientos para la Integraci\u00f3n y Publicaci\u00f3n de las Colecciones Universitarias Digitales en el Portal de Datos Abiertos UNAM, Colecciones Universitarias.<br><span class=\"title-gaceta-unam\">Gaceta UNAM, 24 de septiembre de 2015.<\/span><\/span><\/a>\n<\/li>\n         <\/ul>\n\n         <li class=\"title-lista-fichas-dgru\">T\u00e9rminos<\/li>\n         <ul class=\"c-lista-descripcion-fichas\">\n            <li><a href=\"\/wp-content\/uploads\/2025\/09\/TE_DGRU_DG_2015_C_Terminos_Libre_Uso_Datos_Abiertos_UNAM_20250508_rs.pdf\" target=\"_blank\" title=\"T\u00e9rminos de Libre Uso de Datos Abiertos de la UNAM\" rel=\"noopener noreferrer\"><img src=\"\/wp-content\/uploads\/2019\/10\/D.TE_.DGRU_DG_2015_B_Terminos_Libre_Uso_200_0.png\"> T\u00e9rminos de Libre Uso de Datos Abiertos de la UNAM<\/a><\/li>\n         <\/ul>\n\n         <li class=\"title-lista-fichas-dgru\">Procedimientos y Protocolos<\/li>\n         <ul class=\"c-lista-descripcion-fichas\">\n             <li><a href=\"\/wp-content\/uploads\/2019\/10\/D.PO_.CCUD_IC_002_2015_B_Elaboracion_Censos_Coleciones_CC-BY.pdf\" title=\"Procedimiento para elaborar el censo de Colecciones Universitarias Digitales\" target=\"_blank\" rel=\"noopener noreferrer\"><img src=\"\/wp-content\/uploads\/2019\/10\/D.PO_.CCUD_IC_002_2015_B_Elaboracion_Censos_Coleciones_CC-BY_200_0.png\"> Procedimiento para elaborar el censo de Colecciones Universitarias Digitales<\/a><\/li>\n             <li><a href=\"\/wp-content\/uploads\/2019\/10\/D.PR_.CCUD_CT_002_2014_F_Integracion_Colecciones_PDA_UNAM_CC-BY.pdf\" title=\"Protocolo de Integraci\u00f3n y Publicaci\u00f3n en el Portal de Datos Abiertos UNAM, Colecciones Universitarias\" target=\"_blank\" rel=\"noopener noreferrer\"><img src=\"\/wp-content\/uploads\/2019\/10\/D.PR_.CCUD_CT_002_2014_F_Integracion_Colecciones_PDA_UNAM_CC-BY_200_0.png\"> Protocolo de Integraci\u00f3n y Publicaci\u00f3n en el Portal de Datos Abiertos UNAM, Colecciones Universitarias<\/a><\/li>\n             <li><a href=\"\/wp-content\/uploads\/2019\/10\/D.FO_.CCUD_CG_004_2017_A_Pasos_Protocolo_Integracion_Colecciones_PDA_CC-BYNCND.pdf\" title=\"Pasos del Protocolo de Integraci\u00f3n de Colecciones en el Portal de Datos Abiertos UNAM, Colecciones Universitarias\" target=\"_blank\" rel=\"noopener noreferrer\"><img src=\"\/wp-content\/uploads\/2019\/10\/D.FO_.CCUD_CG_004_2017_A_Pasos_Protocolo_Integracion_Colecciones_PDA_CC-BYNCND_200_0.png\"> Pasos del Protocolo de Integraci\u00f3n de Colecciones en el Portal de Datos Abiertos UNAM, Colecciones Universitarias<\/a><\/li>\n         <\/ul>\n\n         <li class=\"title-lista-fichas-dgru\">Est\u00e1ndares<\/li>\n         <ul class=\"c-lista-descripcion-fichas\">\n            <li><a href=\"\/wp-content\/uploads\/2020\/06\/D_ST_DGRU_CDI_001_2018_B_Secuencias_ADN_GenBank.pdf\" target=\"_blank\" title=\"Est\u00e1ndar de Datos de Secuencias de ADN (GenBank)\" rel=\"noopener noreferrer\"><img src=\"\/wp-content\/uploads\/2019\/10\/D.ST_.DGRU_IE_001_2018_A_Secuencias_ADN_GenBank_200_0.png\"> Est\u00e1ndar de Datos de Secuencias de ADN (GenBank)<\/a><\/li>\n\n            <li><a href=\"\/wp-content\/uploads\/2019\/10\/D.ST_.DGRU_IE_002_2015_D_Obra_Artistica.pdf\" target=\"_blank\" title=\"Est\u00e1ndar de Datos de Obra Art\u00edstica para el Archivo Fotogr\u00e1fico Manuel Toussaint de la UNAM\" rel=\"noopener noreferrer\"><img src=\"\/wp-content\/uploads\/2019\/10\/D.ST_.DGRU_IE_002_2015_D_Obra_Artistica_200_0.png\"> Est\u00e1ndar de Datos de Obra Art\u00edstica para el Archivo Fotogr\u00e1fico Manuel Toussaint de la UNAM<\/a><\/li>\n\n            <li><a href=\"\/wp-content\/uploads\/2019\/10\/D.ST_.DGRU_IE_003_2019_A_Datos_Compuestos_Quimicos.pdf\" target=\"_blank\" title=\"Est\u00e1ndar para datos de Compuestos Qu\u00edmicos\" rel=\"noopener noreferrer\"><img src=\"\/wp-content\/uploads\/2019\/10\/D.ST_.DGRU_IE_003_2019_A_Datos_Compuestos_Quimicos_200_0.png\"> Est\u00e1ndar para datos de Compuestos Qu\u00edmicos<\/a><\/li>\n\n            <li><a href=\"\/wp-content\/uploads\/2019\/10\/D.ST_.DGRU_IE_005_2016_B_Datos_Imagenes_microscopia.pdf\" target=\"_blank\" title=\"Est\u00e1ndar de Datos de Im\u00e1genes de Microscop\u00eda\" rel=\"noopener noreferrer\"><img src=\"\/wp-content\/uploads\/2019\/10\/D.ST_.DGRU_IE_005_2016_B_Datos_Imagenes_microscopia_200_0.png\"> Est\u00e1ndar de Datos de Im\u00e1genes de Microscop\u00eda<\/a><\/li>\n\n            <li><a href=\"\/wp-content\/uploads\/2019\/10\/D.ST_.DGRU_IE_004_2019_A_Datos_Indicadores_Cumplimiento_DH.pdf\" target=\"_blank\" title=\"Est\u00e1ndar de Datos de Indicadores del Cumplimiento de Derechos Humanos\" rel=\"noopener noreferrer\"><img src=\"\/wp-content\/uploads\/2019\/10\/D.ST_.DGRU_IE_004_2019_A_Datos_Indicadores_Cumplimiento_DH_200_0.png\"> Est\u00e1ndar de Datos de Indicadores del Cumplimiento de Derechos Humanos<\/a><\/li>\n\n            <li><a href=\"\/wp-content\/uploads\/2019\/10\/D.ST_.DGRU_IE_006_2019_A_Conjuntos_Datos_Proyectos_Investigacion.pdf\" target=\"_blank\" title=\"Est\u00e1ndar de Datos para Conjuntos de Datos de Proyectos de Investigaci\u00f3n\" rel=\"noopener noreferrer\"><img src=\"\/wp-content\/uploads\/2019\/10\/D.ST_.DGRU_IE_006_2019_A_Conjuntos_Datos_Proyectos_Investigacion_200_0.png\"> Est\u00e1ndar de Datos para Conjuntos de Datos de Proyectos de Investigaci\u00f3n<\/a><\/li>\n\n            <li><a href=\"\/wp-content\/uploads\/2024\/10\/D_ST_DGRU_CDI_007_2015_F_Biodiversidad_Darwin_Core.pdf\" target=\"_blank\" title=\"Est\u00e1ndar para Datos de Biodiversidad Darwin Core (DWC)\" rel=\"noopener noreferrer\"><img src=\"\/wp-content\/uploads\/2024\/10\/D_ST_DGRU_CDI_007_2015_F_Biodiversidad_Darwin_Core_200_0.png\"> Est\u00e1ndar para Datos de Biodiversidad Darwin Core (DWC)<\/a><\/li>\n\n            <li><a href=\"\/wp-content\/uploads\/2019\/10\/D.ST_.DGRU_CDI_009_2015_C_OD_Dublin_Core.pdf\" target=\"_blank\" title=\"Est\u00e1ndar de Datos de Objetos Digitales Dublin Core Cualificados (DC)\" rel=\"noopener noreferrer\"><img src=\"\/wp-content\/uploads\/2019\/10\/D.ST_.DGRU_CDI_009_2015_C_OD_Dublin_Core_200_0.png\"> Est\u00e1ndar de Datos de Objetos Digitales Dublin Core Cualificados (DC)<\/a><\/li>\n\n            <li><a href=\"\/wp-content\/uploads\/2019\/10\/D.ST_.DGRU_CDI_008_2015_D_Proyectos_Universitarios_PAPIIT.pdf\" target=\"_blank\" title=\"Est\u00e1ndar de la UNAM de Proyectos Universitarios PAPIIT\" rel=\"noopener noreferrer\"><img src=\"\/wp-content\/uploads\/2019\/10\/D.ST_.DGRU_CDI_008_2015_D_Proyectos_Universitarios_PAPIIT_200_0.png\"> Est\u00e1ndar de la UNAM de Proyectos Universitarios PAPIIT<\/a><\/li>\n         \n            <li><a href=\"\/wp-content\/uploads\/2023\/10\/D_ST_DGRU_002_2021_C_Metadatos_Interoperabilidad_Juridica.pdf\" target=\"_blank\" title=\"Est\u00e1ndar de Metadatos para la Interoperabilidad Jur\u00eddica de Repositorios Universitarios\" rel=\"noopener noreferrer\"><img src=\"\/wp-content\/uploads\/2021\/08\/Estandar-de-Metadatos-de-Interoperabilidad-Juridica.png\">Est\u00e1ndar de Metadatos para la Interoperabilidad Jur\u00eddica de Repositorios Universitarios<\/a><\/li>\n\n            <li><a href=\"\/wp-content\/uploads\/2021\/12\/D_ST_DGRU_CDI_011_2020_A_Archivos_Personales.pdf\" target=\"_blank\" title=\"Est\u00e1ndar de Datos para Archivos Personales\" rel=\"noopener noreferrer\"><img src=\"\/wp-content\/uploads\/2021\/12\/D_ST_DGRU_CDI_011_2020_A_Archivos_Personales_500_0.png\">Est\u00e1ndar de Datos para Archivos Personales<\/a><\/li>\n\n            <li><a href=\"\/wp-content\/uploads\/2022\/09\/D_ST_DGRU_CDI_012_2022_B_Estandar_Colecciones_Universitarias_Digitales.pdf\" target=\"_blank\" title=\"Est\u00e1ndar de Datos de la Colecci\u00f3n de Colecciones Universitarias Digitales\" rel=\"noopener noreferrer\"><img src=\"\/wp-content\/uploads\/2022\/09\/thumbnail_estandar_colecciones_universitarias_digitales.png\">Est\u00e1ndar de Datos de la Colecci\u00f3n de Colecciones Universitarias Digitales<\/a><\/li>\n\n            <li><a href=\"\/wp-content\/uploads\/2023\/10\/D_ST_DGRU_CDI_014_2023_A_Patrimonio_Cultural_Universitario.pdf\" target=\"_blank\" title=\"Est\u00e1ndar de Metadatos para el Cat\u00e1logo del Patrimonio Cultural Universitario\" rel=\"noopener noreferrer\"><img src=\"\/wp-content\/uploads\/2023\/10\/D_ST_DGRU_CDI_014_2023_A_Patrimonio_Cultural_Universitario_200_0.png\">Est\u00e1ndar de Metadatos para el Cat\u00e1logo del Patrimonio Cultural Universitario<\/a><\/li>\n\n            <li><a href=\"\/wp-content\/uploads\/2024\/09\/D_ST_DGRU_CDI_015_2024_A_Metadatos_Microscopia.pdf\" target=\"_blank\" title=\"Est\u00e1ndar para Metadatos de Microscop\u00eda\" rel=\"noopener noreferrer\"><img src=\"\/wp-content\/uploads\/2024\/09\/D_ST_DGRU_CDI_015_2024_A_Metadatos_Microscopia.png\">Est\u00e1ndar para Metadatos de Microscop\u00eda<\/a><\/li>\n\n            <li><a href=\"\/wp-content\/uploads\/2024\/10\/D_ST_DGRU_CDI_010_2016_D_Investigaciones_Academicas.pdf\" target=\"_blank\" title=\"Est\u00e1ndar de Metadatos para Proyectos de Investigaci\u00f3n Acad\u00e9mica\" rel=\"noopener noreferrer\"><img src=\"\/wp-content\/uploads\/2024\/10\/D_ST_DGRU_CDI_010_2016_D_Investigaciones_Academicas_200_0.png\">Est\u00e1ndar de Metadatos para Proyectos de Investigaci\u00f3n Acad\u00e9mica<\/a><\/li>\n\n\n<\/ul>\n\n         <li class=\"title-lista-fichas-dgru\">Otros<\/li>\n            <ul class=\"c-lista-descripcion-fichas\">\n               <li><a href=\"\/wp-content\/uploads\/2019\/10\/D.MA_.CCUD_CG_001_20171012_Manual_Datos_Abiertos_interactivo.pdf\" target=\"_blank\" title=\"Manual de Datos Abiertos de Colecciones Universitarias Digitales\" rel=\"noopener noreferrer\"><img src=\"\/wp-content\/uploads\/2019\/10\/D.MA_.CCUD_CG_001_20171012_Manual_Datos_Abiertos_interactivo_200_0.png\"> Manual de Datos Abiertos de Colecciones Universitarias Digitales (versi\u00f3n interactiva)<\/a><\/li>\n\n             <li><a href=\"\/wp-content\/uploads\/2019\/10\/D.MA_.CCUD_CG_002_20171012_Manual_Datos_Abiertos_ajustable.epub\" title=\"Manual de Datos Abiertos de Colecciones Universitarias Digitales\" rel=\"noopener noreferrer\"><img src=\"\/wp-content\/uploads\/2019\/10\/D.MA_.CCUD_CG_001_20171012_Manual_Datos_Abiertos_interactivo_200_0.png\"> Manual de Datos Abiertos de Colecciones Universitarias Digitales (epub versi\u00f3n redimensionable)<\/a><\/li>\n\n               <li><a href=\"\/wp-content\/uploads\/2019\/10\/D.FO_.CCUD_CG_003_2017_A_Triptico_Datos_Abiertos_Investigacion.pdf\" target=\"_blank\" title=\"Datos Abiertos de Investigaci\u00f3n\" rel=\"noopener noreferrer\"><img src=\"\/wp-content\/uploads\/2019\/10\/D.FO_.CCUD_CG_003_2017_A_Triptico_Datos_Abiertos_Investigacion_200_0.png\"> Datos Abiertos de Investigaci\u00f3n<\/a><\/li>\n\n               <li><a href=\"\/wp-content\/uploads\/2019\/10\/D.FO_.CCUD_CG_002_2017_A_Triptico_Ciencia_Abierta.pdf\" target=\"_blank\" title=\"Ciencia Abierta en la UNAM\" rel=\"noopener noreferrer\"><img src=\"\/wp-content\/uploads\/2019\/10\/D.FO_.CCUD_CG_002_2017_A_Triptico_Ciencia_Abierta_200_0.png\"> Ciencia Abierta en la UNAM<\/a><\/li>\n            <\/ul>\n      <\/ul>\n\n   <\/div>\n<\/div>\n\n\n\n<p><\/p>\n","protected":false},"excerpt":{"rendered":"<p>El Portal de Datos Abiertos UNAM, Colecciones Universitarias (PDA-UNAM) es un punto de acceso en&#8230;<\/p>\n","protected":false},"author":3,"featured_media":0,"parent":0,"menu_order":0,"comment_status":"closed","ping_status":"closed","template":"","meta":[],"_links":{"self":[{"href":"https:\/\/dgru.unam.mx\/index.php\/wp-json\/wp\/v2\/pages\/1688"}],"collection":[{"href":"https:\/\/dgru.unam.mx\/index.php\/wp-json\/wp\/v2\/pages"}],"about":[{"href":"https:\/\/dgru.unam.mx\/index.php\/wp-json\/wp\/v2\/types\/page"}],"author":[{"embeddable":true,"href":"https:\/\/dgru.unam.mx\/index.php\/wp-json\/wp\/v2\/users\/3"}],"replies":[{"embeddable":true,"href":"https:\/\/dgru.unam.mx\/index.php\/wp-json\/wp\/v2\/comments?post=1688"}],"version-history":[{"count":271,"href":"https:\/\/dgru.unam.mx\/index.php\/wp-json\/wp\/v2\/pages\/1688\/revisions"}],"predecessor-version":[{"id":3609,"href":"https:\/\/dgru.unam.mx\/index.php\/wp-json\/wp\/v2\/pages\/1688\/revisions\/3609"}],"wp:attachment":[{"href":"https:\/\/dgru.unam.mx\/index.php\/wp-json\/wp\/v2\/media?parent=1688"}],"curies":[{"name":"wp","href":"https:\/\/api.w.org\/{rel}","templated":true}]}}