{"id":2011,"date":"2019-12-06T12:52:12","date_gmt":"2019-12-06T18:52:12","guid":{"rendered":"http:\/\/site-dgru.lan.ccud.unam.mx\/?page_id=2011"},"modified":"2022-02-22T10:24:18","modified_gmt":"2022-02-22T16:24:18","slug":"interoperabilidad","status":"publish","type":"page","link":"https:\/\/dgru.unam.mx\/index.php\/interoperabilidad\/","title":{"rendered":"Interoperabilidad"},"content":{"rendered":"\n<div class=\"portales-dgru-container\">\n\n<div class=\"info-text-paginas-dgru\">\n<div class=\"efecto-imagen-space-dgru izquierda-arriba-dgru\" id=\"interoperabilidad\"><\/div>\n   <p>La interoperabilidad es la capacidad de las plataformas digitales para intercambiar informaci\u00f3n, ya sean datos, documentos u otros objetos digitales, de manera uniforme y eficiente. Para lograr el intercambio, deben contar con caracter\u00edsticas t\u00e9cnicas y de estructura espec\u00edficas que faciliten la comunicaci\u00f3n; as\u00ed como condiciones f\u00edsicas y de software que les proporcionen estabilidad y adaptabilidad.<\/p>\n\n   <p>Es frecuente que los productos de la investigaci\u00f3n, la docencia y la difusi\u00f3n de la cultura se almacenen en diferentes plataformas digitales que generalmente se encuentran aisladas; es decir, no pueden compartir su informaci\u00f3n. La interoperabilidad permite que los usuarios, y otros sistemas, consulten de manera integrada los diferentes contenidos que cada una de las plataformas ofrece.<\/p>\n\n   <p>Para lograr esta consulta integrada es necesario considerar tres tipos de interoperabilidad:<\/p>\n\n   <ul class=\"lista-texto-dgru-repositorios\">\n      <li>Interoperabilidad sint\u00e1ctica: se refiere a la capacidad de las plataformas para intercambiar datos a partir de protocolos comunes de comunicaci\u00f3n.<\/li><br>\n      <li>Interoperabilidad sem\u00e1ntica: es la capacidad de intercambiar contenidos de forma correcta y precisa, por medio de modelos comunes de datos estructurados, est\u00e1ndares y cat\u00e1logos.<\/li><br>\n      <li>Interoperabilidad jur\u00eddica: es la implementaci\u00f3n de licencias o t\u00e9rminos de uso homologados en plataformas y contenidos. Permite que los usuarios identifiquen los usos autorizados para las plataformas y los contenidos en una red interoperable.<\/li><br>\n   <\/ul>\n   \n\n   <p>Por otro lado, en relaci\u00f3n con las plataformas digitales, es importante considerar tambi\u00e9n las capacidades y recursos del software para modificarse en el tiempo, sin perder sus funciones sustanciales. Asimismo, deben tomarse en cuenta las condiciones f\u00edsicas de infraestructura y los recursos humanos para mejorar su funcionamiento e identificar y reducir posibles problemas de disponibilidad.<\/p>\n\n   <p>Entre los beneficios de las plataformas interoperables est\u00e1n:<\/p>\n\n   <ul class=\"lista-texto-dgru-repositorios\">\n      <li>el aumento de la comunicaci\u00f3n entre plataformas a nivel nacional e internacional, de manera m\u00e1s \u00edntegra y bajo lenguajes comunes.<\/li><br>\n      <li>el incremento en la visibilidad y el uso de los contenidos.<\/li><br>\n      <li>el intercambio de informaci\u00f3n efectiva y eficiente entre sistemas.<\/li><br>\n   <\/ul>\n\n   <p>En la actualidad es estrat\u00e9gico que las instituciones acad\u00e9micas, p\u00fablicas y privadas, cuenten con un entorno digital interoperable que optimiza la gesti\u00f3n digital del conocimiento. Es decir, que en la adquisici\u00f3n o desarrollo de plataformas de contenidos acad\u00e9micos se consideren servicios de interoperabilidad sem\u00e1ntica, sint\u00e1ctica y jur\u00eddica.<\/p>\n\n   <p>Las plataformas digitales desarrolladas y administradas por la DGRU cubren las tres caracter\u00edsticas de interoperabilidad mencionadas. Adem\u00e1s, fueron desarrolladas con software flexible y cuentan con la infraestructura f\u00edsica necesaria para garantizar su estabilidad.<\/p>\n\n   <p>Con el fin de apoyar a las entidades y dependencias universitarias a que identifiquen las tareas estrat\u00e9gicas y las prioridades para lograr la interoperabilidad de sus plataformas, hemos publicado los <a href=\"\/wp-content\/uploads\/2020\/01\/D_LI_DGRU_DG_001_20181213_Diagnostico_Interoperabilidad_Plataformas_Digitales-2.pdf\" target=\"_blank\" title=\"Lineamientos para el Diagn\u00f3stico de Interoperabilidad de Plataformas Digitales Universitarias\" class=\"config-title-desc\" rel=\"noopener noreferrer\">Lineamientos para el diagn\u00f3stico de interoperabilidad de plataformas digitales universitarias<\/a>. El documento funciona como una gu\u00eda y un diagn\u00f3stico de interoperabilidad a partir de un \u00edndice conformado por cuatro categor\u00edas generales que, a su vez, se subdividen en 44 indicadores.<\/p>\n<\/div>\n\n<div class=\"aside-portales-dgru\">      \n      <ul class=\"margen-lista-portales-dgru\">\n         <li style=\"margin-bottom:1em; font-size:14px;\">Documentos<\/li>\n         <ul style=\"margin-bottom:2em;\" class=\"c-lista-descripcion-fichas\">\n             <li><a href=\"\/wp-content\/uploads\/2020\/01\/D_LI_DGRU_DG_001_20181213_Diagnostico_Interoperabilidad_Plataformas_Digitales-2.pdf\" title=\"Lineamientos para el Diagn\u00f3stico de Interoperabilidad de Plataformas Digitales Universitarias\" target=\"_blank\" rel=\"noopener noreferrer\"><img src=\"\/wp-content\/uploads\/2020\/01\/foo_300_0.png\"> <span>Lineamientos para el Diagn\u00f3stico de Interoperabilidad de Plataformas Digitales Universitarias.<\/span><\/span><\/a><\/li>\n\n             <li><a href=\"\/wp-content\/uploads\/2022\/02\/TB_DGRU_PGN_001_20220221_Tipos_Licencias_CC.pdf\" title=\"Tipos de Licencias Creative Commons\" target=\"_blank\" rel=\"noopener noreferrer\"><img src=\"\/wp-content\/uploads\/2022\/02\/tipo_licencias.png\"> <span>Tipos de Licencias Creative Commons.<\/span><\/span><\/a><\/li>\n         <\/ul>\n      <\/ul>\n   <\/div>\n<\/div>\n\n\n\n<p><\/p>\n","protected":false},"excerpt":{"rendered":"<p>La interoperabilidad es la capacidad de las plataformas digitales para intercambiar informaci\u00f3n, ya sean datos,&#8230;<\/p>\n","protected":false},"author":3,"featured_media":0,"parent":0,"menu_order":0,"comment_status":"closed","ping_status":"closed","template":"","meta":[],"_links":{"self":[{"href":"https:\/\/dgru.unam.mx\/index.php\/wp-json\/wp\/v2\/pages\/2011"}],"collection":[{"href":"https:\/\/dgru.unam.mx\/index.php\/wp-json\/wp\/v2\/pages"}],"about":[{"href":"https:\/\/dgru.unam.mx\/index.php\/wp-json\/wp\/v2\/types\/page"}],"author":[{"embeddable":true,"href":"https:\/\/dgru.unam.mx\/index.php\/wp-json\/wp\/v2\/users\/3"}],"replies":[{"embeddable":true,"href":"https:\/\/dgru.unam.mx\/index.php\/wp-json\/wp\/v2\/comments?post=2011"}],"version-history":[{"count":50,"href":"https:\/\/dgru.unam.mx\/index.php\/wp-json\/wp\/v2\/pages\/2011\/revisions"}],"predecessor-version":[{"id":3295,"href":"https:\/\/dgru.unam.mx\/index.php\/wp-json\/wp\/v2\/pages\/2011\/revisions\/3295"}],"wp:attachment":[{"href":"https:\/\/dgru.unam.mx\/index.php\/wp-json\/wp\/v2\/media?parent=2011"}],"curies":[{"name":"wp","href":"https:\/\/api.w.org\/{rel}","templated":true}]}}