{"id":2014,"date":"2019-12-06T12:52:12","date_gmt":"2019-12-06T18:52:12","guid":{"rendered":"http:\/\/site-dgru.lan.ccud.unam.mx\/?page_id=2014"},"modified":"2020-01-16T17:11:56","modified_gmt":"2020-01-16T23:11:56","slug":"preservacion-digital","status":"publish","type":"page","link":"https:\/\/dgru.unam.mx\/index.php\/preservacion-digital\/","title":{"rendered":"Preservaci\u00f3n Digital"},"content":{"rendered":"\n<div style=\"margin-top:2em; text-align: justify;\" class=\"imagen-paginas-dgru-fondo\">\n   <div class=\"efecto-imagen-space-dgru derecha-dgru\" id=\"preservacion-digital\"><\/div>\n <p>\nUna de las funciones principales de un repositorio es contar con planes de preservaci\u00f3n digital, es decir, que a trav\u00e9s de metodolog\u00edas y tecnolog\u00edas se garantice el acceso futuro a los bienes digitales alojados en \u00e9l.\n\nLa DGRU participa en la creaci\u00f3n de estrategias institucionales para preservar los bienes digitales de la Universidad.\n<\/p><p>\nDe acuerdo a las <span><a href=\"http:\/\/www.unesco.org\/new\/es\/communication-and-information\/resources\/publications-and-communication-materials\/publications\/full-list\/guidelines-for-the-preservation-of-digital-heritage\/\" class=\"config-title-desc\" rel=\"noopener noreferrer\" target=\"_blank\">Directrices para preservaci\u00f3n del Patrimonio digital de la UNESCO<\/a><\/span>: &#8220;la  preservaci\u00f3n  digital  puede  definirse  como  el  conjunto  de  los  procesos  destinados  a  garantizar  la  continuidad  de  los  elementos  del  patrimonio  digital  durante  todo  el  tiempo  que  se consideren necesarios. La mayor amenaza para la continuidad digital es la desaparici\u00f3n de los medios de acceso. No puede  decirse  que  se  han  conservado  los  objetos  digitales  si,  al  ya  no  existir  los  medios  de  acceso, resulta imposible utilizarlos. El objetivo de la preservaci\u00f3n de los objetos digitales es mantener  su  accesibilidad,  es  decir,  la  capacidad  de  tener  acceso  a  su  mensaje  o  prop\u00f3sito  esencial y aut\u00e9ntico&#8221;.\n<\/p><p>\nLa Direcci\u00f3n General de Repositorios Universitarios es miembro del\n<span><a href=\"http:\/\/www.preservaciondigital.unam.mx\/\" class=\"config-title-desc\" rel=\"noopener noreferrer\" target=\"_blank\">Grupo de Preservaci\u00f3n Digital de la Biblioteca Nacional de M\u00e9xico<\/a><\/span>\n a cargo de la UNAM, donde se identifican y desarrollan diversas l\u00edneas de investigaci\u00f3n sobre pol\u00edticas y metodolog\u00edas de preservaci\u00f3n digital y se valoran distintas herramientas para enfrentar los cambios tecnol\u00f3gicos que podr\u00edan impedir el acceso a los recursos preservados.\n\n<\/p>\n<\/div>\n","protected":false},"excerpt":{"rendered":"<p>Una de las funciones principales de un repositorio es contar con planes de preservaci\u00f3n digital,&#8230;<\/p>\n","protected":false},"author":3,"featured_media":0,"parent":0,"menu_order":0,"comment_status":"closed","ping_status":"closed","template":"","meta":[],"_links":{"self":[{"href":"https:\/\/dgru.unam.mx\/index.php\/wp-json\/wp\/v2\/pages\/2014"}],"collection":[{"href":"https:\/\/dgru.unam.mx\/index.php\/wp-json\/wp\/v2\/pages"}],"about":[{"href":"https:\/\/dgru.unam.mx\/index.php\/wp-json\/wp\/v2\/types\/page"}],"author":[{"embeddable":true,"href":"https:\/\/dgru.unam.mx\/index.php\/wp-json\/wp\/v2\/users\/3"}],"replies":[{"embeddable":true,"href":"https:\/\/dgru.unam.mx\/index.php\/wp-json\/wp\/v2\/comments?post=2014"}],"version-history":[{"count":14,"href":"https:\/\/dgru.unam.mx\/index.php\/wp-json\/wp\/v2\/pages\/2014\/revisions"}],"predecessor-version":[{"id":2624,"href":"https:\/\/dgru.unam.mx\/index.php\/wp-json\/wp\/v2\/pages\/2014\/revisions\/2624"}],"wp:attachment":[{"href":"https:\/\/dgru.unam.mx\/index.php\/wp-json\/wp\/v2\/media?parent=2014"}],"curies":[{"name":"wp","href":"https:\/\/api.w.org\/{rel}","templated":true}]}}