{"id":2015,"date":"2019-12-06T12:52:12","date_gmt":"2019-12-06T18:52:12","guid":{"rendered":"http:\/\/site-dgru.lan.ccud.unam.mx\/?page_id=2015"},"modified":"2020-08-07T15:57:45","modified_gmt":"2020-08-07T20:57:45","slug":"servicios","status":"publish","type":"page","link":"https:\/\/dgru.unam.mx\/index.php\/servicios\/","title":{"rendered":"Servicios"},"content":{"rendered":"\n<div style=\"margin-top:2em; text-align: justify;\" class=\"imagen-paginas-dgru-fondo\">\n   <div class=\"efecto-imagen-space-dgru derecha-arriba-dgru\" id=\"servicios\"><\/div>\n<span>\nUna de las funciones sustantivas de la DGRU es la de fomentar la apertura del conocimiento como una de las principales herramientas de la gesti\u00f3n del conocimiento digital en la UNAM, por lo que pone a disposici\u00f3n de la comunidad universitaria su experiencia, ofreciendo los siguientes servicios:\n<\/span>\n<div id=\"imagen-diagrama-servicios\">\n<img src=\"https:\/\/dgru.unam.mx\/wp-content\/uploads\/2020\/08\/diagrama-servicios-dgru-style-extend.png\">\n<\/div>\n\n\n   <p>Para cualquier solicitud o pregunta sobre los servicios ofrecidos, env\u00edenos un correo a <a href=\"mailto:contacto@dgru.unam.mx\">contacto@dgru.unam.mx<\/a><\/p>\n<\/div>\n\n\n<!--<div style=\"margin-top:2em; text-align: justify;\" class=\"imagen-paginas-dgru-fondo\">\n   <div class=\"efecto-imagen-space-dgru derecha-dgru\" id=\"servicios\"><\/div>\n   \n   <p>Una de las funciones sustantivas de la DGRU es la de fomentar la apertura del conocimiento como una de las principales herramientas de la gesti\u00f3n del conocimiento digital en la UNAM, por lo que pone a disposici\u00f3n de la comunidad universitaria su experiencia, ofreciendo los siguientes servicios:<\/p>\n\n      <ul class=\"lista-texto-dgru-repositorios\">\n         <li>Asesor\u00eda y apoyo en la planeaci\u00f3n, desarrollo, implementaci\u00f3n, operaci\u00f3n y administraci\u00f3n de repositorios universitarios.<\/li><br>\n<li>\nAsesor\u00eda sobre interoperabilidad sem\u00e1ntica, sint\u00e1ctica y jur\u00eddica de plataformas digitales y su habilitaci\u00f3n para la integraci\u00f3n de sus contenidos a las plataformas universitarias a cargo de la DGRU.\n<\/li><br>\n<li>Asesor\u00eda en la elaboraci\u00f3n de lineamientos, procedimientos y sistemas para la estandarizaci\u00f3n, acceso, reutilizaci\u00f3n y redistribuci\u00f3n de colecciones digitales que son propiedad o est\u00e1n bajo resguardo de la Universidad.<\/li><br><li>\nAsesor\u00eda en la arquitectura de datos, estandarizaci\u00f3n y control de calidad de colecciones universitarias digitales.<\/li><br>\n<li>Gesti\u00f3n (migraci\u00f3n de datos, estandarizaci\u00f3n y control de calidad) e integraci\u00f3n de colecciones universitarias digitales al Portal de Datos Abiertos UNAM, Colecciones Universitarias.  <\/li><br>\n<li>\nApoyo en el uso de las plataformas digitales de la DGRU a trav\u00e9s de conferencias y talleres.<\/li><br>\n<li>Asesor\u00eda en la utilizaci\u00f3n y elaboraci\u00f3n de cat\u00e1logos institucionales, nacionales e internacionales para organizar y garantizar la interoperabilidad de los contenidos acad\u00e9micos de repositorios institucionales con el Repositorio Institucional de la UNAM.<\/li><br>\n<li> Asesor\u00eda en la elaboraci\u00f3n pol\u00edticas, normatividad, criterios y mecanismos para la organizaci\u00f3n, estandarizaci\u00f3n, interoperabilidad y publicaci\u00f3n de datos, contenidos y plataformas digitales;\n<\/li><br>\n\n<li>Asesor\u00eda en la adopci\u00f3n de tecnolog\u00edas inform\u00e1ticas para la gesti\u00f3n de repositorios digitales universitarios.<\/li><br>\n<li>Asesor\u00eda para elaborar un diagn\u00f3stico de interoperabilidad jur\u00eddica que permita valorar el estado de los contenidos digitales, en materia de derechos de autor y licencias de uso, que se integrar\u00e1n al repositorio o plataforma digital.\n<\/li><br>\n<li>Asesor\u00eda para la adopci\u00f3n de licencias de uso para contenidos digitales y metadatos que aseguren la interoperabilidad jur\u00eddica y protejan los derechos de autor de los creadores de los contenidos digitales.\n<\/li><br>\n<\/ul>\n   <p>Cualquier duda o asesor\u00eda env\u00edenos un correo a <a href=\"mailto:contacto@dgru.unam.mx\">contacto@dgru.unam.mx<\/a><\/p>\n<\/div>-->\n\n\n\n<p><\/p>\n","protected":false},"excerpt":{"rendered":"<p>Una de las funciones sustantivas de la DGRU es la de fomentar la apertura del&#8230;<\/p>\n","protected":false},"author":3,"featured_media":0,"parent":0,"menu_order":0,"comment_status":"closed","ping_status":"closed","template":"","meta":[],"_links":{"self":[{"href":"https:\/\/dgru.unam.mx\/index.php\/wp-json\/wp\/v2\/pages\/2015"}],"collection":[{"href":"https:\/\/dgru.unam.mx\/index.php\/wp-json\/wp\/v2\/pages"}],"about":[{"href":"https:\/\/dgru.unam.mx\/index.php\/wp-json\/wp\/v2\/types\/page"}],"author":[{"embeddable":true,"href":"https:\/\/dgru.unam.mx\/index.php\/wp-json\/wp\/v2\/users\/3"}],"replies":[{"embeddable":true,"href":"https:\/\/dgru.unam.mx\/index.php\/wp-json\/wp\/v2\/comments?post=2015"}],"version-history":[{"count":25,"href":"https:\/\/dgru.unam.mx\/index.php\/wp-json\/wp\/v2\/pages\/2015\/revisions"}],"predecessor-version":[{"id":2942,"href":"https:\/\/dgru.unam.mx\/index.php\/wp-json\/wp\/v2\/pages\/2015\/revisions\/2942"}],"wp:attachment":[{"href":"https:\/\/dgru.unam.mx\/index.php\/wp-json\/wp\/v2\/media?parent=2015"}],"curies":[{"name":"wp","href":"https:\/\/api.w.org\/{rel}","templated":true}]}}