{"id":2024,"date":"2019-12-06T12:53:14","date_gmt":"2019-12-06T18:53:14","guid":{"rendered":"http:\/\/site-dgru.lan.ccud.unam.mx\/?page_id=2024"},"modified":"2026-03-18T10:10:24","modified_gmt":"2026-03-18T16:10:24","slug":"normatividad","status":"publish","type":"page","link":"https:\/\/dgru.unam.mx\/index.php\/normatividad\/","title":{"rendered":"Normatividad"},"content":{"rendered":"\n<div class=\"portales-dgru-container\">\n  <div class=\"info-text-paginas-dgru\">\n    <div class=\"efecto-imagen-space-dgru izquierda-arriba-dgru\" id=\"normatividad\"><\/div>\n<p>La gesti\u00f3n digital del conocimiento requiere el trabajo coordinado de distintos actores acad\u00e9micos y tecnol\u00f3gicos; para lograr esto es fundamental contar con una documentaci\u00f3n formal que norme las funciones y relaciones de las plataformas, contenidos, proveedores y usuarios.<\/p>\n   <p> En este sentido, la Direcci\u00f3n General de Repositorios Universitarios, genera, resguarda y difunde un acervo actualizado de documentos normativos como lineamientos, pol\u00edticas, t\u00e9rminos de uso, reglamentos, acuerdos y est\u00e1ndares. Este acervo articula el desarrollo de un ecosistema inform\u00e1tico interoperable que permite a la UNAM difundir el conocimiento generado y resguardado por su personal acad\u00e9mico y docente, a trav\u00e9s de los \u00faltimos avances de la infotecnolog\u00eda.   <\/p>\n<p>\nEsta normatividad permite a la UNAM interactuar de manera destacada con otras iniciativas globales, ya que considera est\u00e1ndares internacionales de interoperabilidad sem\u00e1ntica, sint\u00e1ctica y jur\u00eddica.<\/p>\n\n<p>La normatividad generada en la DGRU promueve la apertura y democratizaci\u00f3n del conocimiento integrando iniciativas como el Acceso Abierto, Datos Abiertos y Ciencia Abierta, garantizando el respeto y la protecci\u00f3n de la propiedad intelectual.\n<\/p>\n\n<p> \nEntre los documentos que destacan est\u00e1n los siguientes:<\/p>\n\n<li class=\"bottom-listas-archivo\"><a href=\"\/wp-content\/uploads\/2025\/06\/TE_DGRU_DG_2015_C_Terminos_Libre_Uso_Datos_Abiertos_UNAM_20250508_rs.pdf\" class=\"config-title-desc\" target=\"_blank\" rel=\"noopener noreferrer\">T\u00e9rminos de libre uso de Datos Abiertos de la UNAM<\/a>;<\/li>\n\n   <li class=\"bottom-listas-archivo\"><a href=\"\/wp-content\/uploads\/2019\/10\/D.Li_.Ga_CCUD_2015_09_24_Integracion_Publicacion_Colecciones_PDA_UNAM.pdf\" class=\"config-title-desc\" target=\"_blank\" rel=\"noopener noreferrer\">Lineamientos para la integraci\u00f3n y publicaci\u00f3n de las colecciones universitarias digitales en el Portal de Datos Abiertos UNAM, Colecciones Universitarias<\/a>;<\/li>\n   <li class=\"bottom-listas-archivo\"><a href=\"\/wp-content\/uploads\/2019\/10\/Ac.-Creacion_RI-UNAM_2019_08_19.pdf\" class=\"config-title-desc\" target=\"_blank\" rel=\"noopener noreferrer\">Acuerdo por el que se crea el Repositorio Institucional de la Universidad Nacional Aut\u00f3noma de M\u00e9xico<\/a>;<\/li>\n   <li class=\"bottom-listas-archivo\"><a href=\"\/wp-content\/uploads\/2020\/03\/D_TE_DGRU_PGN_001_2019_B_Terminos_Condiciones_Uso_RI_UNAM.pdf\" class=\"config-title-desc\" target=\"_blank\" rel=\"noopener noreferrer\">T\u00e9rminos y condiciones de uso del Repositorio Institucional de la UNAM<\/a>;<\/li>\n   <li class=\"bottom-listas-archivo\"><a href=\"\/wp-content\/uploads\/2019\/10\/PL.GA_.DGRU_Repositorio_Institucional_UNAM_2019_08_19.pdf\" class=\"config-title-desc\" target=\"_blank\" rel=\"noopener noreferrer\">Pol\u00edticas del Repositorio Institucional de la UNAM;<\/a><\/li>\n\n   <li class=\"bottom-listas-archivo\"><a href=\"\/wp-content\/uploads\/2020\/10\/LI_CTRIUNAM_PR_001_20201019_lineamientos_GacetaUNAM-1.pdf\" class=\"config-title-desc\" target=\"_blank\" rel=\"noopener noreferrer\">Lineamientos para la Integraci\u00f3n de Repositorios Universitarios en el Repositorio Institucional de la UNAM;<\/a><\/li>\n\n\n   <li class=\"bottom-listas-archivo\"><a href=\"\/wp-content\/uploads\/2020\/10\/RG_CTRIUNAM_PR_001_20201019_reglamento_GacetaUNAM-1.pdf\" class=\"config-title-desc\" target=\"_blank\" rel=\"noopener noreferrer\">Reglamento Interno del Comit\u00e9 T\u00e9cnico del Repositorio Institucional de la Universidad Nacional Aut\u00f3noma de M\u00e9xico;<\/a> <\/li>\n\n   <li class=\"bottom-listas-archivo\"><a href=\"https:\/\/repositorio.unam.mx\/archivo\/Guia_Recomendaciones_Elaborar_Marco_Normativo_Materia_Repositorios_20230419.pdf\" class=\"config-title-desc\" target=\"_blank\" rel=\"noopener noreferrer\">Gu\u00eda y Recomendaciones para Elaborar el Marco Normativo en Materia de Repositorios Universitarios Interoperables,<\/a> y<\/li>\n\n   <li>Diferentes est\u00e1ndares para el manejo uniforme de metadatos.   <\/li>\n<\/ul>\n<br>\n<p>La normatividad que se ha elaborado y publicado en la DGRU, conforma un marco de referencia para que otras entidades y dependencias implementen sus propios repositorios digitales, interoperables con otras plataformas dentro y fuera de la Universidad.\n <\/p>\n\n    <\/div>\n\n    <div class=\"aside-portales-dgru\"> \n      <ul class=\"margen-lista-portales-dgru\">\n         <li style=\"margin-bottom:1em; font-size:14px;\">Documentos<\/li>\n         <ul style=\"margin-bottom:2em;\" class=\"c-lista-descripcion-fichas\">\n\n<li><a href=\"https:\/\/repositorio.unam.mx\/archivo\/Guia_Recomendaciones_Elaborar_Marco_Normativo_Materia_Repositorios_20230419.pdf\" title=\"Gu\u00eda y Recomendaciones para Elaborar el Marco Normativo en Materia de Repositorios Universitarios Interoperables\" rel=\"noopener noreferrer\" target=\"_blank\"><img src=\"\/wp-content\/uploads\/2023\/05\/Guia_Recomendaciones_Elaborar_Marco_Normativo_Materia_Repositorios_20230419.png\"> <span>Gu\u00eda y Recomendaciones para Elaborar el Marco Normativo en Materia de Repositorios Universitarios Interoperables.<\/span><\/a><\/li>\n\n             <li><a href=\"\/wp-content\/uploads\/2025\/06\/TE_DGRU_DG_2015_C_Terminos_Libre_Uso_Datos_Abiertos_UNAM_20250508_rs.pdf\" title=\"T\u00e9rminos de libre uso de Datos Abiertos de la UNAM\" rel=\"noopener noreferrer\" target=\"_blank\"><img src=\"\/wp-content\/uploads\/2025\/06\/TE_DGRU_DG_2015_C_Terminos_Libre_Uso_Datos_Abiertos_UNAM_20250508_rs.png\"> <span>T\u00e9rminos de libre uso de Datos Abiertos de la UNAM.<\/span><\/a><\/li>\n\n             <li><a href=\"\/wp-content\/uploads\/2019\/10\/D.Li_.Ga_CCUD_2015_09_24_Integracion_Publicacion_Colecciones_PDA_UNAM.pdf\" title=\"Lineamientos para la integraci\u00f3n y publicaci\u00f3n de las colecciones universitarias digitales en el Portal de Datos Abiertos UNAM, Colecciones Universitarias\" rel=\"noopener noreferrer\" target=\"_blank\"><img src=\"\/wp-content\/uploads\/2019\/10\/D.Li_.Ga_CCUD_2015_09_24_Integracion_Publicacion_Colecciones_PDA_UNAM_200_0.png\"> <span>Lineamientos para la integraci\u00f3n y publicaci\u00f3n de las colecciones universitarias digitales en el Portal de Datos Abiertos UNAM, Colecciones Universitarias.<br><span class=\"title-gaceta-unam\">Gaceta UNAM, 24 de septiembre de 2015.<\/span><\/span><\/a><\/li>\n\n             <li><a href=\"\/wp-content\/uploads\/2019\/10\/Ac.-Creacion_RI-UNAM_2019_08_19.pdf\" title=\"Acuerdo por el que se crea el Repositorio Institucional de la Universidad Nacional Aut\u00f3noma de M\u00e9xico\" rel=\"noopener noreferrer\" target=\"_blank\"><img src=\"\/wp-content\/uploads\/2019\/10\/Ac.-Creacion_RI-UNAM_2019_08_19_200_0.png\"> <span>Acuerdo por el que se crea el Repositorio Institucional de la Universidad Nacional Aut\u00f3noma de M\u00e9xico.<br><span class=\"title-gaceta-unam\">Gaceta UNAM, 19 de agosto de 2019.<\/span><\/span><\/a><\/li>\n\n             <li><a href=\"\/wp-content\/uploads\/2020\/03\/D_TE_DGRU_PGN_001_2019_B_Terminos_Condiciones_Uso_RI_UNAM.pdf\" title=\"T\u00e9rminos y condiciones de uso del Repositorio Institucional de la UNAM\" rel=\"noopener noreferrer\" target=\"_blank\"><img src=\"\/wp-content\/uploads\/2019\/10\/D.TE_.DGRU_PGN_001_2019_A_Terminos_Condiciones_Uso_RI-UNAM_200_0.png\"> <span>T\u00e9rminos y condiciones de uso del Repositorio Institucional de la UNAM.<\/span><\/a><\/li>\n\n             <li><a href=\"\/wp-content\/uploads\/2019\/10\/PL.GA_.DGRU_Repositorio_Institucional_UNAM_2019_08_19.pdf\" title=\"Pol\u00edticas del Repositorio Institucional de la UNAM\" rel=\"noopener noreferrer\" target=\"_blank\"><img src=\"\/wp-content\/uploads\/2019\/10\/PL.GA_.DGRU_Repositorio_Institucional_UNAM_2019_08_19_200_0.png\"> <span>Pol\u00edticas del Repositorio Institucional de la UNAM.<br><span class=\"title-gaceta-unam\">Gaceta UNAM, 19 de agosto de 2019.<\/span><\/span><\/a><\/li>\n\n\n<li><a href=\"\/wp-content\/uploads\/2020\/10\/LI_CTRIUNAM_PR_001_20201019_lineamientos_GacetaUNAM-1.pdf\" title=\"Lineamientos para la Integraci\u00f3n de Repositorios Universitarios en el Repositorio Institucional de la UNAM\" rel=\"noopener noreferrer\" target=\"_blank\"><img src=\"\/wp-content\/uploads\/2019\/10\/PL.GA_.DGRU_Repositorio_Institucional_UNAM_2019_08_19_200_0.png\"> <span>Lineamientos para la Integraci\u00f3n de Repositorios Universitarios en el Repositorio Institucional de la UNAM.<br><span class=\"title-gaceta-unam\">Gaceta UNAM, 19 de octubre de 2020.<\/span><\/span><\/a><\/li>\n\n<li><a href=\"\/wp-content\/uploads\/2020\/10\/RG_CTRIUNAM_PR_001_20201019_reglamento_GacetaUNAM-1.pdf\" title=\"Reglamento Interno del Comit\u00e9 T\u00e9cnico del Repositorio Institucional de la Universidad Nacional Aut\u00f3noma de M\u00e9xico\" rel=\"noopener noreferrer\" target=\"_blank\"><img src=\"\/wp-content\/uploads\/2019\/10\/PL.GA_.DGRU_Repositorio_Institucional_UNAM_2019_08_19_200_0.png\"> <span>Reglamento Interno del Comit\u00e9 T\u00e9cnico del Repositorio Institucional de la Universidad Nacional Aut\u00f3noma de M\u00e9xico.<br><span class=\"title-gaceta-unam\">Gaceta UNAM, 19 de octubre de 2020.<\/span><\/span><\/a><\/li>\n\n<li><a href=\"\/wp-content\/uploads\/2024\/05\/Codigo-de-Conducta-DGRU-DGRU_Codigo_Conducta.pdf\" title=\"C\u00f3digo de Conducta de la Direcci\u00f3n General de Repositorios Universitarios\" rel=\"noopener noreferrer\" target=\"_blank\"><img src=\"\/wp-content\/uploads\/2024\/05\/codigo_conducta_unam.png\"> <span>C\u00f3digo de Conducta de la Direcci\u00f3n General de Repositorios Universitarios.<br><\/span><\/a><\/li>\n\n\n\n<li class=\"title-lista-fichas-dgru\">Est\u00e1ndares<\/li>\n         <ul class=\"c-lista-descripcion-fichas\">\n            <li><a href=\"\/wp-content\/uploads\/2020\/06\/D_ST_DGRU_CDI_001_2018_B_Secuencias_ADN_GenBank.pdf\" target=\"_blank\" title=\"Est\u00e1ndar de Datos de Secuencias de ADN (GenBank)\" rel=\"noopener noreferrer\"><img src=\"\/wp-content\/uploads\/2019\/10\/D.ST_.DGRU_IE_001_2018_A_Secuencias_ADN_GenBank_200_0.png\"> Est\u00e1ndar de Datos de Secuencias de ADN (GenBank)<\/a><\/li>\n\n            <li><a href=\"\/wp-content\/uploads\/2019\/10\/D.ST_.DGRU_IE_002_2015_D_Obra_Artistica.pdf\" target=\"_blank\" title=\"Est\u00e1ndar de Datos de Obra Art\u00edstica para el Archivo Fotogr\u00e1fico Manuel Toussaint de la UNAM\" rel=\"noopener noreferrer\"><img src=\"\/wp-content\/uploads\/2019\/10\/D.ST_.DGRU_IE_002_2015_D_Obra_Artistica_200_0.png\"> Est\u00e1ndar de Datos de Obra Art\u00edstica para el Archivo Fotogr\u00e1fico Manuel Toussaint de la UNAM<\/a><\/li>\n\n            <li><a href=\"\/wp-content\/uploads\/2019\/10\/D.ST_.DGRU_IE_003_2019_A_Datos_Compuestos_Quimicos.pdf\" target=\"_blank\" title=\"Est\u00e1ndar para datos de Compuestos Qu\u00edmicos\" rel=\"noopener noreferrer\"><img src=\"\/wp-content\/uploads\/2019\/10\/D.ST_.DGRU_IE_003_2019_A_Datos_Compuestos_Quimicos_200_0.png\"> Est\u00e1ndar para datos de Compuestos Qu\u00edmicos<\/a><\/li>\n\n            <li><a href=\"\/wp-content\/uploads\/2019\/10\/D.ST_.DGRU_IE_005_2016_B_Datos_Imagenes_microscopia.pdf\" target=\"_blank\" title=\"Est\u00e1ndar de Datos de Im\u00e1genes de Microscop\u00eda\" rel=\"noopener noreferrer\"><img src=\"\/wp-content\/uploads\/2019\/10\/D.ST_.DGRU_IE_005_2016_B_Datos_Imagenes_microscopia_200_0.png\"> Est\u00e1ndar de Datos de Im\u00e1genes de Microscop\u00eda<\/a><\/li>\n\n            <li><a href=\"\/wp-content\/uploads\/2019\/10\/D.ST_.DGRU_IE_004_2019_A_Datos_Indicadores_Cumplimiento_DH.pdf\" target=\"_blank\" title=\"Est\u00e1ndar de Datos de Indicadores del Cumplimiento de Derechos Humanos\" rel=\"noopener noreferrer\"><img src=\"\/wp-content\/uploads\/2019\/10\/D.ST_.DGRU_IE_004_2019_A_Datos_Indicadores_Cumplimiento_DH_200_0.png\"> Est\u00e1ndar de Datos de Indicadores del Cumplimiento de Derechos Humanos<\/a><\/li>\n\n            <li><a href=\"\/wp-content\/uploads\/2019\/10\/D.ST_.DGRU_IE_006_2019_A_Conjuntos_Datos_Proyectos_Investigacion.pdf\" target=\"_blank\" title=\"Est\u00e1ndar de Datos para Conjuntos de Datos de Proyectos de Investigaci\u00f3n\" rel=\"noopener noreferrer\"><img src=\"\/wp-content\/uploads\/2019\/10\/D.ST_.DGRU_IE_006_2019_A_Conjuntos_Datos_Proyectos_Investigacion_200_0.png\"> Est\u00e1ndar de Datos para Conjuntos de Datos de Proyectos de Investigaci\u00f3n<\/a><\/li>\n\n            <li><a href=\"\/wp-content\/uploads\/2024\/10\/D_ST_DGRU_CDI_007_2015_F_Biodiversidad_Darwin_Core.pdf\" target=\"_blank\" title=\"Est\u00e1ndar para Datos de Biodiversidad Darwin Core (DWC)\" rel=\"noopener noreferrer\"><img src=\"\/wp-content\/uploads\/2024\/10\/D_ST_DGRU_CDI_007_2015_F_Biodiversidad_Darwin_Core_200_0.png\"> Est\u00e1ndar para Datos de Biodiversidad Darwin Core (DWC)<\/a><\/li>\n\n            <li><a href=\"\/wp-content\/uploads\/2019\/10\/D.ST_.DGRU_CDI_009_2015_C_OD_Dublin_Core.pdf\" target=\"_blank\" title=\"Est\u00e1ndar de Datos de Objetos Digitales Dublin Core Cualificados (DC)\" rel=\"noopener noreferrer\"><img src=\"\/wp-content\/uploads\/2019\/10\/D.ST_.DGRU_CDI_009_2015_C_OD_Dublin_Core_200_0.png\"> Est\u00e1ndar de Datos de Objetos Digitales Dublin Core Cualificados (DC)<\/a><\/li>\n\n            <li><a href=\"\/wp-content\/uploads\/2019\/10\/D.ST_.DGRU_CDI_008_2015_D_Proyectos_Universitarios_PAPIIT.pdf\" target=\"_blank\" title=\"Est\u00e1ndar de la UNAM de Proyectos Universitarios PAPIIT\" rel=\"noopener noreferrer\"><img src=\"\/wp-content\/uploads\/2019\/10\/D.ST_.DGRU_CDI_008_2015_D_Proyectos_Universitarios_PAPIIT_200_0.png\"> Est\u00e1ndar de la UNAM de Proyectos Universitarios PAPIIT<\/a><\/li>\n\n<li><a href=\"\/wp-content\/uploads\/2023\/10\/D_ST_DGRU_002_2021_C_Metadatos_Interoperabilidad_Juridica.pdf\" target=\"_blank\" title=\"Est\u00e1ndar de Metadatos para la Interoperabilidad Jur\u00eddica de Repositorios Universitarios\" rel=\"noopener noreferrer\"><img src=\"\/wp-content\/uploads\/2021\/08\/Estandar-de-Metadatos-de-Interoperabilidad-Juridica.png\">Est\u00e1ndar de Metadatos para la Interoperabilidad Jur\u00eddica de Repositorios Universitarios<\/a><\/li>\n\n<li><a href=\"\/wp-content\/uploads\/2021\/12\/D_ST_DGRU_CDI_011_2020_A_Archivos_Personales.pdf\" target=\"_blank\" title=\"Est\u00e1ndar de Datos para Archivos Personales\" rel=\"noopener noreferrer\"><img src=\"\/wp-content\/uploads\/2021\/12\/D_ST_DGRU_CDI_011_2020_A_Archivos_Personales_500_0.png\">Est\u00e1ndar de Datos para Archivos Personales<\/a><\/li>\n\n<li><a href=\"\/wp-content\/uploads\/2022\/09\/D_ST_DGRU_CDI_012_2022_B_Estandar_Colecciones_Universitarias_Digitales.pdf\" target=\"_blank\" title=\"Est\u00e1ndar de Datos de la Colecci\u00f3n de Colecciones Universitarias Digitales\" rel=\"noopener noreferrer\"><img src=\"\/wp-content\/uploads\/2022\/09\/thumbnail_estandar_colecciones_universitarias_digitales.png\">Est\u00e1ndar de Datos de la Colecci\u00f3n de Colecciones Universitarias Digitales<\/a><\/li>\n\n<li><a href=\"\/wp-content\/uploads\/2023\/10\/D_ST_DGRU_CDI_014_2023_A_Patrimonio_Cultural_Universitario.pdf\" target=\"_blank\" title=\"Est\u00e1ndar de Metadatos para el Cat\u00e1logo del Patrimonio Cultural Universitario\" rel=\"noopener noreferrer\"><img src=\"\/wp-content\/uploads\/2023\/10\/D_ST_DGRU_CDI_014_2023_A_Patrimonio_Cultural_Universitario_200_0.png\">Est\u00e1ndar de Metadatos para el Cat\u00e1logo del Patrimonio Cultural Universitario<\/a><\/li>\n\n<li><a href=\"\/wp-content\/uploads\/2024\/09\/D_ST_DGRU_CDI_015_2024_A_Metadatos_Microscopia.pdf\" target=\"_blank\" title=\"Est\u00e1ndar para Metadatos de Microscop\u00eda\" rel=\"noopener noreferrer\"><img src=\"\/wp-content\/uploads\/2024\/09\/D_ST_DGRU_CDI_015_2024_A_Metadatos_Microscopia.png\">Est\u00e1ndar para Metadatos de Microscop\u00eda<\/a><\/li>\n\n<li><a href=\"\/wp-content\/uploads\/2024\/10\/D_ST_DGRU_CDI_010_2016_D_Investigaciones_Academicas.pdf\" target=\"_blank\" title=\"Est\u00e1ndar de Metadatos para Proyectos de Investigaci\u00f3n Acad\u00e9mica\" rel=\"noopener noreferrer\"><img src=\"\/wp-content\/uploads\/2024\/10\/D_ST_DGRU_CDI_010_2016_D_Investigaciones_Academicas_200_0.png\">Est\u00e1ndar de Metadatos para Proyectos de Investigaci\u00f3n Acad\u00e9mica<\/a><\/li>\n\n         <\/ul>\n           \n<li class=\"title-lista-fichas-dgru\">Avisos de Privacidad<\/li>\n<ul class=\"c-lista-descripcion-fichas\">\n    <li><a href=\"https:\/\/dgru.unam.mx\/avprv\/Aviso_Privacidad_Simplificado_Personal_Visitantes_Proveedores_DGRU.pdf\" title=\"Aviso de Privacidad Simplificado de la DGRU-UNAM para el Registro del Personal Interno, Visitantes, Proveedores o Receptores de Nuestros Servicios\" target=\"_blank\" rel=\"noopener noreferrer\"><img src=\"\/wp-content\/uploads\/2020\/08\/AV_DGRU_PGN_001_2020_A_Aviso_Privacidad_Simplificado_Personal_Visitantes_Proveedores_DGRU.png\"> Aviso de Privacidad Simplificado de la DGRU-UNAM para el Registro del Personal Interno, Visitantes, Proveedores o Receptores de Nuestros Servicios<\/a><\/li>\n\n    <li><a href=\"https:\/\/dgru.unam.mx\/avprv\/Aviso_Privacidad_Integral_Personal_Visitantes_Proveedores_DGRU.pdf\" title=\"Aviso de Privacidad Integral de la DGRU-UNAM para el Registro del Personal Interno, Visitantes, Proveedores o Receptores de Nuestros Servicios\" target=\"_blank\" rel=\"noopener noreferrer\"><img src=\"\/wp-content\/uploads\/2020\/08\/AV_DGRU_PGN_002_2020_A_Aviso_Privacidad_Integral_Personal_Visitantes_Proveedores_DGRU.png\"> Aviso de Privacidad Integral de la DGRU-UNAM para el Registro del Personal Interno, Visitantes, Proveedores o Receptores de Nuestros Servicios<\/a><\/li>\n\n    <li><a href=\"https:\/\/dgru.unam.mx\/avprv\/Aviso_Privacidad_Simplificado_Plataformas_DGRU.pdf\" title=\"Aviso de Privacidad Simplificado de la DGRU-UNAM \npara las Personas Usuarias de las Plataformas Digitales \nAdministradas por la DGRU\" target=\"_blank\" rel=\"noopener noreferrer\"><img src=\"\/wp-content\/uploads\/2020\/08\/AV_DGRU_PGN_003_2020_A_Aviso_Privacidad_Simplificado_Plataformas_DGRU.png\"> Aviso de Privacidad Simplificado de la DGRU-UNAM \npara las Personas Usuarias de las Plataformas Digitales \nAdministradas por la DGRU<\/a><\/li>\n\n    <li><a href=\"https:\/\/dgru.unam.mx\/avprv\/Aviso_Privacidad_Integral_Plataformas_Digitales.pdf\" title=\"Aviso de Privacidad Integral de la DGRU-UNAM \npara las Personas Usuarias de las Plataformas Digitales \nAdministradas por la DGRU\" target=\"_blank\" rel=\"noopener noreferrer\"><img src=\"\/wp-content\/uploads\/2020\/08\/AV_DGRU_PGN_004_2020_A_Aviso_Privacidad_Integral_Plataformas_DGRU.png\">Aviso de Privacidad Integral de la DGRU-UNAM \npara las Personas Usuarias de las Plataformas Digitales \nAdministradas por la DGRU<\/a><\/li>\n\n    <li><a href=\"https:\/\/dgru.unam.mx\/avprv\/Aviso_Privacidad_Simplificado_CCTV_DGRU.pdf\" title=\"Aviso de Privacidad Simplificado de la DGRU-UNAM del Circuito Cerrado de Vigilancia\" target=\"_blank\" rel=\"noopener noreferrer\"><img src=\"\/wp-content\/uploads\/2026\/03\/Aviso_Privacidad_Simplificado_CCTV_DGRU.png\"> Aviso de Privacidad Simplificado de la DGRU-UNAM del Circuito Cerrado de Vigilancia<\/a><\/li>\n\n    <li><a href=\"https:\/\/dgru.unam.mx\/avprv\/Aviso_Privacidad_Integral_CCTV_DGRU.pdf\" title=\"Aviso de Privacidad Integral de la DGRU-UNAM del Circuito Cerrado de Vigilancia\" target=\"_blank\" rel=\"noopener noreferrer\"><img src=\"\/wp-content\/uploads\/2026\/03\/Aviso_Privacidad_Integral_CCTV_DGRU.png\"> Aviso de Privacidad Integral de la DGRU-UNAM del Circuito Cerrado de Vigilancia<\/a><\/li>\n\n    <!--<li><a href=\"\/wp-content\/uploads\/2021\/01\/AV_DGRU_PGN_007_2020_B_Aviso_Privacidad_Simplificado_Cuestionarios_Personal_DGRU.pdf\" title=\"Aviso de Privacidad Simplificado de la DGRU-UNAM para el Cuestionario para determinar el Grado de Vulnerabilidad del Personal\" target=\"_blank\" rel=\"noopener noreferrer\"><img src=\"\/wp-content\/uploads\/2020\/08\/AV_DGRU_PGN_007_2020_A_Aviso_Privacidad_Simplificado_Cuestionarios_Personal_DGRU.png\"> Aviso de Privacidad Simplificado de la DGRU-UNAM para el Cuestionario para determinar el Grado de Vulnerabilidad del Personal<\/a><\/li>\n\n    <li><a href=\"\/wp-content\/uploads\/2021\/01\/AV_DGRU_PGN_008_2020_B_Aviso_Privacidad_Integral_Cuestionarios_Personal_DGRU.pdf\" title=\"Aviso de Privacidad Integral de la DGRU-UNAM para el Cuestionario para determinar el Grado de Vulnerabilidad del Personal\" target=\"_blank\" rel=\"noopener noreferrer\"><img src=\"\/wp-content\/uploads\/2020\/08\/AV_DGRU_PGN_008_2020_A_Aviso_Privacidad_Integral_Cuestionarios_Personal_DGRU.png\"> Aviso de Privacidad Integral de la DGRU-UNAM para el Cuestionario para determinar el Grado de Vulnerabilidad del Personal<\/a><\/li>-->\n\n<li><a href=\"\/wp-content\/uploads\/2021\/08\/AVISO_DE_PRIVACIDAD_SIMPLIFICADO_COMITE_V2.pdf\" title=\"Aviso de Privacidad Simplificado\nPara el Regreso a las Actividades Universitarias\nen el Marco de la Pandemia de Covid-19\" target=\"_blank\" rel=\"noopener noreferrer\"><img src=\"\/wp-content\/uploads\/2021\/11\/simplificado_500_0.png\">Aviso de Privacidad Simplificado\nPara el Regreso a las Actividades Universitarias\nen el Marco de la Pandemia de Covid-19 <\/a><\/li>\n\n\n<li><a href=\"\/wp-content\/uploads\/2021\/08\/AVISO_DE_PRIVACIDAD_INTEGRAL-COMIT\u00c9_v2.pdf\" title=\"Aviso de Privacidad Integral\nPara el Regreso a las Actividades Universitarias\nen el Marco de la Pandemia de Covid-19\" target=\"_blank\" rel=\"noopener noreferrer\"><img src=\"\/wp-content\/uploads\/2021\/11\/integral_500_0.png\">Aviso de Privacidad Integral\nPara el Regreso a las Actividades Universitarias\nen el Marco de la Pandemia de Covid-19<\/a><\/li>\n\n\n<li class=\"title-lista-fichas-dgru\">Datos Personales<\/li>\n<ul class=\"c-lista-descripcion-fichas\">\n  <li><a href=\"\/docs\/Documento_seguridad_DGRU_Version_Publica.pdf\" title=\"Documento de Seguridad de Datos Personales de la Direcci\u00f3n General de Repositorios Universitarios\" target=\"_blank\" rel=\"noopener noreferrer\"><img src=\"\/wp-content\/uploads\/2022\/08\/thumbnail_documento_seguridad.png\"> Documento de Seguridad de Datos Personales de la Direcci\u00f3n General de Repositorios Universitarios<\/a><\/li>\n\n<li><a href=\"\/docs\/Resolucion_Comite_TransparenciaUNAM_Documento_Seguridad.pdf\" title=\"Resoluci\u00f3n del Comit\u00e9 de Transparencia de la UNAM del Documento de Seguridad de Datos Personales\" target=\"_blank\" rel=\"noopener noreferrer\"><img src=\"\/wp-content\/uploads\/2024\/01\/thumbnail_Resolucion_Comite_TransparenciaUNAM_Docto_Seguridad.png\"> Resoluci\u00f3n del Comit\u00e9 de Transparencia de la UNAM del Documento de Seguridad de Datos Personales<\/a><\/li>\n\n<\/ul>\n\n\n<\/ul>\n\n         <\/ul>\n      <\/ul>\n   <\/div>\n<\/div>\n\n\n\n<p><\/p>\n","protected":false},"excerpt":{"rendered":"<p>La gesti\u00f3n digital del conocimiento requiere el trabajo coordinado de distintos actores acad\u00e9micos y tecnol\u00f3gicos;&#8230;<\/p>\n","protected":false},"author":3,"featured_media":0,"parent":0,"menu_order":0,"comment_status":"closed","ping_status":"closed","template":"","meta":[],"_links":{"self":[{"href":"https:\/\/dgru.unam.mx\/index.php\/wp-json\/wp\/v2\/pages\/2024"}],"collection":[{"href":"https:\/\/dgru.unam.mx\/index.php\/wp-json\/wp\/v2\/pages"}],"about":[{"href":"https:\/\/dgru.unam.mx\/index.php\/wp-json\/wp\/v2\/types\/page"}],"author":[{"embeddable":true,"href":"https:\/\/dgru.unam.mx\/index.php\/wp-json\/wp\/v2\/users\/3"}],"replies":[{"embeddable":true,"href":"https:\/\/dgru.unam.mx\/index.php\/wp-json\/wp\/v2\/comments?post=2024"}],"version-history":[{"count":153,"href":"https:\/\/dgru.unam.mx\/index.php\/wp-json\/wp\/v2\/pages\/2024\/revisions"}],"predecessor-version":[{"id":3665,"href":"https:\/\/dgru.unam.mx\/index.php\/wp-json\/wp\/v2\/pages\/2024\/revisions\/3665"}],"wp:attachment":[{"href":"https:\/\/dgru.unam.mx\/index.php\/wp-json\/wp\/v2\/media?parent=2024"}],"curies":[{"name":"wp","href":"https:\/\/api.w.org\/{rel}","templated":true}]}}