{"id":3622,"date":"2026-01-28T15:23:17","date_gmt":"2026-01-28T21:23:17","guid":{"rendered":"https:\/\/dgru.unam.mx\/?page_id=3622"},"modified":"2026-01-30T12:11:07","modified_gmt":"2026-01-30T18:11:07","slug":"atencion-violencia-genero","status":"publish","type":"page","link":"https:\/\/dgru.unam.mx\/index.php\/atencion-violencia-genero\/","title":{"rendered":"Atenci\u00f3n a la violencia de g\u00e9nero"},"content":{"rendered":"\n<div class=\"portales-dgru-container\">\n        <div class=\"info-text-paginas-dgru\">\n          <!--CONTENIDO-->\n          <p class=\"linetime-main-title\">Conoce la Ruta de atenci\u00f3n para quejas por violencia de g\u00e9nero en la UNAM:<\/p>\n              \n          <p class=\"linetime-title-section\"><strong>PASO 1. <\/strong>Ac\u00e9rcate a la Defensor\u00eda<\/p>\n          \n          <ul class=\"linetime-container-text linetime-containe-margin\">\n            <li>Pide orientaci\u00f3n en el formulario de la p\u00e1gina web de la Defensor\u00eda de los Derechos Universitarios, Igualdad y Atenci\u00f3n de la Violencia de G\u00e9nero: <strong><a href=\"https:\/\/www.defensoria.unam.mx\/\" target=\"_blank\" class=\"linetime-links\" rel=\"noopener\">defensoria.unam.mx<\/a><\/strong><\/li>\n            \n            <li>Llama al n\u00famero de atenci\u00f3n para orientaciones y asesor\u00edas: (55) 4161 6048 (con 40 l\u00edneas) y marca 2 para g\u00e9nero.<\/li>\n          <\/ul>\n            \n            <br>\n            <p class=\"linetime-title-section\"><strong>PASO 2. <\/strong>Primer contacto<\/p>\n            <p>Una trabajadora social har\u00e1 el primer contacto (v\u00eda tel\u00e9fono o correo) para escucharte y asignarte a una psic\u00f3loga y a una abogada que atiendan tu caso, seg\u00fan tus necesidades.<\/p>\n            \n          <ul class=\"linetime-container-text linetime-containe-margin\">\n            <li>Servicio de psicolog\u00eda. En su atenci\u00f3n, la psic\u00f3loga:<\/li>\n            <ol class=\"linetime-container-text linetime-containe-margin\">\n              <li>Explicar\u00e1 los servicios que te pueden brindar si as\u00ed lo requieres: contenci\u00f3n psicol\u00f3gica, terapia breve y canalizaci\u00f3n a un servicio de atenci\u00f3n psicol\u00f3gica en la UNAM o fuera de ella.<\/li>\n              \n              <li>En caso de solicitarlo, la psic\u00f3loga agendar\u00e1 sesiones de terapia.<\/li>\n            <\/ol>\n          <\/ul>\n          <br>\n          <ul class=\"linetime-container-text linetime-containe-margin\">\n            <li>Servicio legal. En su atenci\u00f3n, la abogada:<\/li>\n\n            <ol class=\"linetime-container-text linetime-containe-margin\">\n              <li>Te informar\u00e1 sobre el procedimiento de queja.<\/li>\n              <li>Te asistir\u00e1 para narrar tu testimonio con especificaciones legales: cu\u00e1ndo, d\u00f3nde y c\u00f3mo sucedieron los hechos.<\/li>\n              <li>Si deseas denunciar ante una agencia del Ministerio P\u00fablico, la Defensor\u00eda podr\u00e1 acompa\u00f1arte.<\/li>\n              <li>En caso de que la Defensor\u00eda no sea competente para conocer tu caso, te orientar\u00e1 sobre las distintas instancias a las que acudir.<\/li>\n              <li>Si en tu caso hay implicaciones en la vida acad\u00e9mica, el equipo de Derechos Universitarios se sumar\u00e1 para que la situaci\u00f3n se atienda de manera integral.<\/li>\n            <\/ol>\n          <\/ul>\n          \n          <br>\n          <p class=\"linetime-title-section\"><strong>PASO 3.<\/strong> Conformaci\u00f3n de la queja<\/p>\n          \n          <ul class=\"linetime-container-text linetime-containe-margin\">\n            <li>Debes firmar tu testimonio electr\u00f3nicamente (documento 1), junto con un acta de hechos (documento 2) para acreditar tu identidad y el v\u00ednculo con la universidad.<\/li>\n            <li>Luego, la Defensor\u00eda redactar\u00e1 un oficio de remisi\u00f3n (documento 3) dirigido a la autoridad para sugerir las medidas precautorias correspondientes e informarte de tu procedimiento.<\/li>\n          <\/ul>\n\n          <br>\n          <p>Estos tres documentos conforman tu queja.<\/p>\n          <p class=\"linetime-title-section\"><strong>PASO 4. <\/strong>Notificaci\u00f3n<\/p>\n          \n          <p class=\"linetime-delete-space\">Una vez enviada tu queja, la autoridad notificar\u00e1 a la persona que se le atribuyen los hechos:<\/p>\n\n          <ul class=\"linetime-container-text linetime-containe-margin\">\n            <li>Si es trabajadora (acad\u00e9mica, administrativa o personal de confianza) se podr\u00e1 sancionar con amonestaci\u00f3n, suspensi\u00f3n temporal o rescisi\u00f3n del contrato laboral.<\/li>\n            <li>Cuando forme parte del alumnado se podr\u00e1 amonestarla, suspenderla o expulsarla provisionalmente. En los dos \u00faltimos casos, la autoridad remitir\u00e1 al tribunal universitario que podr\u00e1 modificar o confirmar la sanci\u00f3n.<\/li>\n            <li>La Defensor\u00eda podr\u00e1 implementar procedimientos de justicia restaurativa para intervenir en entidades o dependencias universitarias, mitigar los efectos de la violencia y que no vuelva a ocurrir.<\/li>\n          <\/ul>\n\n          <br>\n          <!--\n          <p class=\"linetime-container-text\"><strong>Se puede consultar la p\u00e1gina web de la CIGU como referente:<\/strong><\/p>\n          <p class=\"linetime-container-text\"><a href=\"https:\/\/coordinaciongenero.unam.mx\/ruta-atencion-violencia-genero\/\" target=\"_blank\" class=\"linetime-links linetime-link-u\" rel=\"noopener\">https:\/\/coordinaciongenero.unam.mx\/ruta-atencion-violencia-genero\/<\/a><\/p>\n          -->\n        <\/div>\n\n        <!-- DOCUMENTOS PARA COLUMNA DERECHA -->\n          <div class=\"aside-portales-dgru\">\n            <ul class=\"margen-lista-portales-dgru\">\n                <li>Documentos<\/li>\n                <ul class=\"c-lista-descripcion-fichas\">\n                    <li><a href=\"\/wp-content\/uploads\/2026\/01\/protocolo-atencion-integral-de-violencia-por-razones-de-genero.pdf\" title=\"Protocolo de atenci\u00f3n\" target=\"_blank\" rel=\"noopener noreferrer\"><img src=\"\/wp-content\/uploads\/2026\/01\/protocolo-atencion-integral-de-violencia-por-razones-de-genero_200_0.png\">Protocolo de atenci\u00f3n<\/a><\/li>\n\n                    <li><a href=\"\/wp-content\/uploads\/2026\/01\/ruta-de-atencion-2024.pdf\" title=\"Ruta de atenci\u00f3n\" target=\"_blank\" rel=\"noopener noreferrer\"><img src=\"\/wp-content\/uploads\/2026\/01\/ruta-de-atencion-2024_200_0.png\">Ruta de atenci\u00f3n<\/a><\/li>\n\n                    <li><a href=\"\/wp-content\/uploads\/2026\/01\/declaracion-de-tolerancia-cero.pdf\" title=\"Declaraci\u00f3n de tolerancia cero\" target=\"_blank\" rel=\"noopener noreferrer\"><img src=\"\/wp-content\/uploads\/2026\/01\/declaracion-de-tolerancia-cero_200_0.png\">Declaraci\u00f3n de tolerancia cero<\/a><\/li>\n                <\/ul>\n            <\/ul>\n\n            <ul class=\"margen-lista-portales-dgru\">\n                <li>Enlaces de inter\u00e9s<\/li>\n                <ul class=\"c-lista-descripcion-fichas\">\n                    <li><a href=\"https:\/\/www.defensoria.unam.mx\/\" title=\"Defensor\u00eda de los Derechos Universitarios, Igualdad y Atenci\u00f3n de la Violencia de G\u00e9nero\" target=\"_blank\" rel=\"noopener noreferrer\"><img class=\"linetime-img-column\" src=\"\/wp-content\/uploads\/2026\/01\/defensoria_200_0.png\">Defensor\u00eda de los Derechos Universitarios, Igualdad y Atenci\u00f3n de la Violencia de G\u00e9nero<\/a><\/li>\n\n                    <li><a href=\"https:\/\/coordinaciongenero.unam.mx\" title=\"Coordinaci\u00f3n para la Igualdad de G\u00e9nero\" target=\"_blank\" rel=\"noopener noreferrer\"><img src=\"\/wp-content\/uploads\/2026\/01\/cigu_200_0.png\">Coordinaci\u00f3n para la Igualdad de G\u00e9nero<\/a><\/li>\n                <\/ul>\n            <\/ul>\n          <\/div>\n      <\/div>\n","protected":false},"excerpt":{"rendered":"<p>Conoce la Ruta de atenci\u00f3n para quejas por violencia de g\u00e9nero en la UNAM: PASO&#8230;<\/p>\n","protected":false},"author":3,"featured_media":0,"parent":0,"menu_order":0,"comment_status":"closed","ping_status":"closed","template":"","meta":[],"_links":{"self":[{"href":"https:\/\/dgru.unam.mx\/index.php\/wp-json\/wp\/v2\/pages\/3622"}],"collection":[{"href":"https:\/\/dgru.unam.mx\/index.php\/wp-json\/wp\/v2\/pages"}],"about":[{"href":"https:\/\/dgru.unam.mx\/index.php\/wp-json\/wp\/v2\/types\/page"}],"author":[{"embeddable":true,"href":"https:\/\/dgru.unam.mx\/index.php\/wp-json\/wp\/v2\/users\/3"}],"replies":[{"embeddable":true,"href":"https:\/\/dgru.unam.mx\/index.php\/wp-json\/wp\/v2\/comments?post=3622"}],"version-history":[{"count":5,"href":"https:\/\/dgru.unam.mx\/index.php\/wp-json\/wp\/v2\/pages\/3622\/revisions"}],"predecessor-version":[{"id":3652,"href":"https:\/\/dgru.unam.mx\/index.php\/wp-json\/wp\/v2\/pages\/3622\/revisions\/3652"}],"wp:attachment":[{"href":"https:\/\/dgru.unam.mx\/index.php\/wp-json\/wp\/v2\/media?parent=3622"}],"curies":[{"name":"wp","href":"https:\/\/api.w.org\/{rel}","templated":true}]}}