{"id":38,"date":"2019-08-19T17:20:52","date_gmt":"2019-08-19T22:20:52","guid":{"rendered":"http:\/\/10.1.6.193\/wordpress\/?page_id=38"},"modified":"2024-08-05T13:27:01","modified_gmt":"2024-08-05T18:27:01","slug":"directorio","status":"publish","type":"page","link":"https:\/\/dgru.unam.mx\/index.php\/directorio\/","title":{"rendered":"Directorio"},"content":{"rendered":"\n<div id=\"directory-dgru\">\n         <div class=\"content-personal-unam\">\n           <div class=\"logos-directory\">\n            <img src=\"\/wp-content\/uploads\/2019\/10\/logo-2.png\">\n           <\/div>\n            <p class=\"text-directory-dgru title-objective-dgru\">Rector<\/p>\n            <p>Dr. Leonardo Lomel\u00ed Vanegas<\/p>\n\n            <p class=\"text-directory-dgru title-objective-dgru\">Secretaria General<\/p>\n            <p>Dra. Patricia Dolores D\u00e1vila Aranda<\/p>\n\n            <p class=\"text-directory-dgru title-objective-dgru\">Abogado General<\/p>\n            <p>Mtro. Hugo Alejandro Concha Cant\u00fa<\/p>\n\n            <p class=\"text-directory-dgru title-objective-dgru\">Secretario Administrativo<\/p>\n            <p>Mtro. Tom\u00e1s Humberto Rubio P\u00e9rez<\/p>\n\n            <p class=\"text-directory-dgru title-objective-dgru\">Secretaria de Desarrollo Institucional<\/p>\n            <p>Dra. Diana Tamara Mart\u00ednez Ru\u00edz<\/p>\n\n            <p class=\"text-directory-dgru title-objective-dgru\">Secretario de Prevenci\u00f3n, Atenci\u00f3n y Seguridad Universitaria<\/p>\n            <p>Lic. Ra\u00fal Arcenio Aguilar Tamayo<\/p>\n\n            <p class=\"text-directory-dgru title-objective-dgru\">Coordinadora de la Investigaci\u00f3n Cient\u00edfica<\/p>\n            <p>Dra. Mar\u00eda Soledad Funes Arg\u00fcello<\/p>\n\n            <p class=\"text-directory-dgru title-objective-dgru\">Coordinador de Humanidades<\/p>\n            <p>Dr. Miguel Armando L\u00f3pez Leyva<\/p>\n\n            <p class=\"text-directory-dgru title-objective-dgru\">Coordinadora de Difusi\u00f3n Cultural<\/p>\n            <p>Dra. Rosa Beltr\u00e1n \u00c1lvarez<\/p>\n\n            <p class=\"text-directory-dgru title-objective-dgru\">Director General de Comunicaci\u00f3n Social<\/p>\n            <p>Mtro. N\u00e9stor Mart\u00ednez Cristo<\/p>\n         <\/div>\n\n         <div class=\"content-personal-unam\">\n            <div class=\"logos-directory\" style=\"justify-content: space-around;\">\n                <img id=\"d-img-sdi-dgru\" src=\"\/wp-content\/uploads\/2020\/01\/sdi-color-adjust.png\">\n                <img id=\"d-img-dgru-dgru\" src=\"\/wp-content\/uploads\/2019\/10\/logo-1.png\">\n            <\/div>\n\n            <p class=\"text-directory-dgru title-objective-dgru\">Directora General de Repositorios Universitarios<\/p>\n            <p class=\"text-directory-dgru\">Dra. Tila Mar\u00eda P\u00e9rez Ortiz<\/p>\n            <p>Correo: direccion@dgru.unam.mx<\/p>\n\n            <p class=\"text-directory-dgru title-objective-dgru\">Coordinaci\u00f3n del Sistema Institucional de Repositorios Universitarios<\/p>\n            <p class=\"text-directory-dgru\">Lic. en C.C. Rub\u00e9n S\u00e1enz Gonz\u00e1lez<\/p>\n            <p>Correo: ruben.saenz@dgru.unam.mx<\/p>\n\n            <p class=\"text-directory-dgru title-objective-dgru\">Coordinaci\u00f3n de Colecciones y Datos de Investigaci\u00f3n<\/p>\n            <p class=\"text-directory-dgru\">M. en C. Laura P. Olgu\u00edn P\u00e9rez<\/p>\n            <p>Correo: laura.olguin@dgru.unam.mx<\/p>\n\n            <p class=\"text-directory-dgru title-objective-dgru\">Coordinaci\u00f3n de Normativa de Contenidos y Plataformas Digitales<\/p>\n            <p class=\"text-directory-dgru\">Lic. Ana Laura M\u00e9ndez Franco<\/p>\n            <p>Correo: ana.mendez@dgru.unam.mx<\/p>\n\n            <p class=\"text-directory-dgru title-objective-dgru\">Coordinaci\u00f3n de Desarrollo Tecnol\u00f3gico e Infraestructura<\/p>\n            <p class=\"text-directory-dgru\">Omar Alejandro Sol\u00eds Garza<\/p>\n            <p>Correo: omar.solis@dgru.unam.mx<\/p>\n\n<br>\n    <div>\n        <i class=\"material-icons\">phone<\/i>\n        <p class=\"text-directory-dgru\"><strong>Tel\u00e9fono:<\/strong><\/p>\n        <p>+52 (55) 5623 7722<\/p>\n\n<i class=\"material-icons\">mail_outline<\/i>\n        <p class=\"text-directory-dgru\"><strong>Correo electr\u00f3nico:<\/strong><\/p>\n\t<p><a href=\"mailto:contacto@dgru.unam.mx\">contacto@dgru.unam.mx<\/a><\/p>\n    <\/div>\n         <\/div>\n<\/div>\n\n\n\n<p><\/p>\n","protected":false},"excerpt":{"rendered":"<p>Rector Dr. Leonardo Lomel\u00ed Vanegas Secretaria General Dra. Patricia Dolores D\u00e1vila Aranda Abogado General Mtro&#8230;.<\/p>\n","protected":false},"author":2,"featured_media":0,"parent":0,"menu_order":0,"comment_status":"closed","ping_status":"closed","template":"","meta":[],"_links":{"self":[{"href":"https:\/\/dgru.unam.mx\/index.php\/wp-json\/wp\/v2\/pages\/38"}],"collection":[{"href":"https:\/\/dgru.unam.mx\/index.php\/wp-json\/wp\/v2\/pages"}],"about":[{"href":"https:\/\/dgru.unam.mx\/index.php\/wp-json\/wp\/v2\/types\/page"}],"author":[{"embeddable":true,"href":"https:\/\/dgru.unam.mx\/index.php\/wp-json\/wp\/v2\/users\/2"}],"replies":[{"embeddable":true,"href":"https:\/\/dgru.unam.mx\/index.php\/wp-json\/wp\/v2\/comments?post=38"}],"version-history":[{"count":101,"href":"https:\/\/dgru.unam.mx\/index.php\/wp-json\/wp\/v2\/pages\/38\/revisions"}],"predecessor-version":[{"id":3507,"href":"https:\/\/dgru.unam.mx\/index.php\/wp-json\/wp\/v2\/pages\/38\/revisions\/3507"}],"wp:attachment":[{"href":"https:\/\/dgru.unam.mx\/index.php\/wp-json\/wp\/v2\/media?parent=38"}],"curies":[{"name":"wp","href":"https:\/\/api.w.org\/{rel}","templated":true}]}}