{"id":40,"date":"2019-08-19T17:21:52","date_gmt":"2019-08-19T22:21:52","guid":{"rendered":"http:\/\/10.1.6.193\/wordpress\/?page_id=40"},"modified":"2019-11-04T13:01:24","modified_gmt":"2019-11-04T19:01:24","slug":"contacto","status":"publish","type":"page","link":"https:\/\/dgru.unam.mx\/index.php\/contacto\/","title":{"rendered":"Contacto"},"content":{"rendered":"\n<div id=\"container-map-and-info-contact\">\n\n<div id=\"footer-info-contact\">\n    <div>\n        <i class=\"material-icons\">phone<\/i>\n        <p class=\"text-directory-dgru\"><strong>Tel\u00e9fono:<\/strong><\/p>\n        <p><a href=\"tel:+525556237722\">+52 (55) 5623 7722<\/a><\/p>\n    <\/div>\n    \n    <div>\n\t<i class=\"material-icons\">mail_outline<\/i>\n        <p class=\"text-directory-dgru\"><strong>Correo electr\u00f3nico:<\/strong><\/p>\n\t<p><a href=\"mailto:contacto@dgru.unam.mx\">contacto@dgru.unam.mx<\/a><\/p>\n    <\/div>\n\n    <div>\n\t<i class=\"material-icons\">place<\/i>\n        <p class=\"text-directory-dgru\"><strong>Ubicaci\u00f3n:<\/strong><\/p>\n\t<p><a href=\"https:\/\/www.google.com.mx\/maps\/place\/Instituto+de+Biolog%C3%ADa\/@19.3212328,-99.19384,17z\/data=!4m5!3m4!1s0x85cdffe3a6173eb1:0x23b17fe46313a438!8m2!3d19.3206!4d-99.194355\" target=\"_blank\" rel=\"noopener noreferrer\">Planta baja del m\u00f3dulo C del Instituto de Biolog\u00eda, 3er. Circuito exterior s\/n, Ciudad Universitaria, CP 04510, Ciudad de M\u00e9xico.<\/a><\/p>\n    <\/div>\n\n    <div>\n\t<i class=\"material-icons\">directions_bus<\/i>\n        <p class=\"text-directory-dgru\"><strong>C\u00f3mo llegar:<\/strong><\/p>\n        <p class=\"text-directory-dgru color-text-pumabus\"><a href=\"https:\/\/www.dgsgm.unam.mx\/pumabus\" target=\"_blank\" rel=\"noopener noreferrer\">Pumab\u00fas<\/a> (Parada Jard\u00edn Bot\u00e1nico)<\/p>\n     <div class=\"container-rutas-puma-colums\">\n      <div class=\"colums-puma-dgru\">\n        <div class=\"rutas-puma\">\n\t   <span id=\"ruta-4\" class=\"content-ruta-pumabus\"><\/span><p class=\"text-directory-dgru\">Ruta 4<\/p>\n        <\/div>\n        <div class=\"rutas-puma\">\n\t   <span id=\"ruta-6\" class=\"content-ruta-pumabus\"><\/span><p class=\"text-directory-dgru\">Ruta 6<\/p>\n        <\/div>\n     <\/div>\n\n     <div class=\"colums-puma-dgru\">\n        <div class=\"rutas-puma\"><span id=\"ruta-10\" class=\"content-ruta-pumabus\" style=\"margin-left:0.3em;\"><\/span><p class=\"text-directory-dgru\">Ruta 10<\/p>\n        <\/div>\n        <div class=\"rutas-puma\">\n\t    <span id=\"ruta-11\" class=\"content-ruta-pumabus\"><\/span><p class=\"text-directory-dgru\">Ruta 11<\/p>\n        <\/div>\n      <\/div>\n     <\/div>\n\n    <\/div>\n<\/div>\n\n<div id=\"container-map-dgru\">\n   <iframe loading=\"lazy\" src=\"https:\/\/www.google.com\/maps\/embed?pb=!1m18!1m12!1m3!1d3765.1199645210227!2d-99.19654904896774!3d19.320599986884005!2m3!1f0!2f0!3f0!3m2!1i1024!2i768!4f13.1!3m3!1m2!1s0x85cdffe3a6173eb1%3A0x23b17fe46313a438!2sInstituto%20de%20Biolog%C3%ADa!5e0!3m2!1ses!2smx!4v1570126708640!5m2!1ses!2smx\" style=\"border:0;\" allowfullscreen=\"\" width=\"600\" height=\"450\" frameborder=\"0\"><\/iframe>\n<\/div>\n\n<\/div>\n\n\n\n<p><\/p>\n","protected":false},"excerpt":{"rendered":"<p>phone Tel\u00e9fono: +52 (55) 5623 7722 mail_outline Correo electr\u00f3nico: contacto@dgru.unam.mx place Ubicaci\u00f3n: Planta baja del&#8230;<\/p>\n","protected":false},"author":2,"featured_media":0,"parent":0,"menu_order":0,"comment_status":"closed","ping_status":"closed","template":"","meta":[],"_links":{"self":[{"href":"https:\/\/dgru.unam.mx\/index.php\/wp-json\/wp\/v2\/pages\/40"}],"collection":[{"href":"https:\/\/dgru.unam.mx\/index.php\/wp-json\/wp\/v2\/pages"}],"about":[{"href":"https:\/\/dgru.unam.mx\/index.php\/wp-json\/wp\/v2\/types\/page"}],"author":[{"embeddable":true,"href":"https:\/\/dgru.unam.mx\/index.php\/wp-json\/wp\/v2\/users\/2"}],"replies":[{"embeddable":true,"href":"https:\/\/dgru.unam.mx\/index.php\/wp-json\/wp\/v2\/comments?post=40"}],"version-history":[{"count":69,"href":"https:\/\/dgru.unam.mx\/index.php\/wp-json\/wp\/v2\/pages\/40\/revisions"}],"predecessor-version":[{"id":1585,"href":"https:\/\/dgru.unam.mx\/index.php\/wp-json\/wp\/v2\/pages\/40\/revisions\/1585"}],"wp:attachment":[{"href":"https:\/\/dgru.unam.mx\/index.php\/wp-json\/wp\/v2\/media?parent=40"}],"curies":[{"name":"wp","href":"https:\/\/api.w.org\/{rel}","templated":true}]}}