{"id":62,"date":"2019-08-22T13:51:08","date_gmt":"2019-08-22T18:51:08","guid":{"rendered":"http:\/\/10.1.6.193\/wordpress\/?page_id=62"},"modified":"2026-02-13T12:45:03","modified_gmt":"2026-02-13T18:45:03","slug":"inicio","status":"publish","type":"page","link":"https:\/\/dgru.unam.mx\/","title":{"rendered":""},"content":{"rendered":"\n<div class=\"container-main-gral-cont\">\n   \n   <div class=\"container-col-left-cont\">\n\n\n<div class=\"container-title\">\n   <div class=\"line-style\"><\/div>\n   <div class=\"title-platf-dgru text-principal-dgru\"><span>\nLa <span>Direcci\u00f3n General de Repositorios Universitarios<\/span> (DGRU),  tiene como objetivo principal desarrollar e implementar tecnolog\u00edas, metodolog\u00edas y normatividad t\u00e9cnica y jur\u00eddica para los repositorios digitales universitarios que garanticen la publicaci\u00f3n en l\u00ednea de los acervos digitales, colecciones universitarias y datos de investigaci\u00f3n que son propiedad o est\u00e1n bajo custodia de la UNAM, promoviendo la interoperabilidad, el acceso abierto y su preservaci\u00f3n.\n<br>\n<br>\nDesde su creaci\u00f3n, la DGRU tuvo a su cargo desarrollar, administrar, organizar, implementar y poner en funcionamiento el <span>Repositorio Institucional de la UNAM<\/span>. Asimismo, continu\u00f3 con la operaci\u00f3n y actualizaci\u00f3n del <span>Portal de Datos Abiertos UNAM Colecciones Universitarias<\/span>. \n\n\n<\/span>\n\n\n\n<\/div>\n    <div class=\"line-style\"><\/div>\n<\/div>\n\n<div class=\"text-principal-dgru second-paragraph-dgru\">\n   <p><\/p>\n<\/div>\n\n\n\n<div id=\"diagram-circle-dgrua\" style=\"text-align:center;\">\n\n<div class=\"cont-graph-gral\">\n    <div class=\"cont-left-graph cont-col-graph\">\n      <div class=\"cont-elements-graph cgca\" id=\"hexagono-1\">\n        <a href=\"\/index.php\/interoperabilidad\/\" class=\"general-anchore-exagon\"><div class=\"cont-img-icon-hexagono\"><\/div><\/a>\n        <a class=\"hexagono\">\n            <span class=\"hexagono-content\">\n            <\/span>\n        <\/a>\n          <div class=\"cont-text-asociate-hexagon\">\n                <div class=\"title-text-desc\" style=\"display: flex; flex-direction: row-reverse;\">\n                      <div>\n                           Interoperabilidad\n                           <div class=\"cont-line-animation cont-line-animation-inter\"><\/div>     \n                     <\/div>\n                    \n                <\/div>\n                \n                <span>\n<!--Sem\u00e1ntica, Sint\u00e1ctica, Jur\u00eddica\n\n               <ul>\n                  <li>Sem\u00e1ntica<\/li>\n                  <li>Sint\u00e1ctica<\/li>\n                  <li>Jur\u00eddica<\/li>\n               <\/ul>-->\n                <\/span>\n            <\/div>\n      <\/div>  \n        \n        <div class=\"cont-elements-graph cgca\" id=\"hexagono-2\">\n        <a href=\"\/index.php\/metodologia\/\" class=\"general-anchore-exagon\"> <div class=\"cont-img-icon-hexagono\"><\/div> <\/a>\n        <a class=\"hexagono\">\n            <span class=\"hexagono-content\">\n               \n            <\/span>\n        <\/a>\n            <div class=\"cont-text-asociate-hexagon\">\n                \n                <div class=\"title-text-desc\" style=\"display: flex; flex-direction: row-reverse;\">\n                    <div>\n                        Metodolog\u00eda\n                        <div class=\"cont-line-animation cont-line-animation-met\"><\/div>\n                    <\/div>\n                <\/div>\n                \n                <span>\n<!--Protocolos, Procedimientos\n                <ul>\n                  <li>Protocolos<\/li>\n                  <li>Procedimientos<\/li>\n               <\/ul>-->\n                <\/span>\n            <\/div>\n      <\/div>\n      \n      <\/div>\n    \n    <div class=\"cont-center-graph-col cont-col-graph\">\n      <div class=\"cont-elements-text\">\n          <div class=\"title-text-desc\" style=\"display: flex; justify-content: center;\">\n              <div>\n                  \n                  Repositorios digitales\n                  <input id=\"input-action-anim\" type=\"checkbox\" style=\"\n    position: absolute;\n    margin-top: -10px;\n\">\n                  <div class=\"cont-line-animation cont-line-animation-rep\"><\/div>\n              <\/div>\n              \n              \n          <\/div>\n          <span>\n<!--Integraci\u00f3n, Publicaci\u00f3n, Vinculaci\u00f3n\n            <ul>\n                  <li>Integraci\u00f3n<\/li>\n                  <li>Publicaci\u00f3n<\/li>\n                  <li>Vinculaci\u00f3n<\/li>\n               <\/ul> -->\n          <\/span>\n      <\/div>\n        \n      <div class=\"cont-elements-graph cgca\" id=\"hexagono-3\">\n        <a href=\"\/index.php\/repositorios-digitales\/\" class=\"general-anchore-exagon\"><div id=\"special-cont-img-1\" class=\"cont-img-icon-hexagono\"><\/div><\/a>\n        <a class=\"hexagono\">\n            <span class=\"hexagono-content\">\n                \n            <\/span>\n        <\/a>  \n      <\/div>\n      <div class=\"cont-center-graph cgca\" id=\"hexagono-4\">\n        <div class=\"cont-img-icon-hexagono\"><\/div>  \n        <a class=\"hexagono\">\n            <span class=\"hexagono-content\">\n                Gesti\u00f3n digital del conocimiento\n            <\/span>\n        <\/a>\n        \n      <\/div>\n      <div class=\"cont-elements-graph cgca\" id=\"hexagono-5\">\n        <a href=\"\/index.php\/servicios\/\" class=\"general-anchore-exagon\"><div id=\"special-cont-img-2\" class=\"cont-img-icon-hexagono\"><\/div><\/a>\n        <a class=\"hexagono\">\n            <span class=\"hexagono-content\">\n               \n            <\/span>\n        <\/a>\n      <\/div>\n    <div class=\"cont-elements-text\" id=\"cont-text-norma\">\n          <div class=\"title-text-desc\" style=\"display: flex; justify-content: center; margin-top:-20px;\">\n              <div>\n                   Servicios\n                   <input id=\"input-action-anim-serv\" type=\"checkbox\" style=\"\n    position: absolute;\n    margin-top: -10px;\n\">\n                   <div class=\"cont-line-animation cont-line-animation-serv\"><\/div>\n              <\/div>\n          <\/div>\n          \n          <span>\n<!--Asesor\u00eda, Diagn\u00f3stico, Apoyo t\u00e9cnico, Difusi\u00f3n\n            <ul>\n                  <li>Asesor\u00eda<\/li>\n                  <li>Diagn\u00f3stico<\/li>\n                  <li>Apoyo t\u00e9cnico<\/li>\n                  <li>Difusi\u00f3n<\/li>\n               <\/ul> -->\n          <\/span>\n      <\/div>\n    <\/div>\n    \n    <div class=\"cont-rigth-graph cont-col-graph\">\n      \n        <div class=\"cont-elements-graph cgca\" id=\"hexagono-6\">\n            <a href=\"\/index.php\/normatividad\/\" class=\"general-anchore-exagon\"><div class=\"cont-img-icon-hexagono\"><\/div><\/a>\n            <a class=\"hexagono\">\n                <span class=\"hexagono-content\">\n\n                <\/span>\n            <\/a>\n            <div class=\"cont-text-asociate-hexagon\">\n                <div class=\"title-text-desc\" style=\"display: flex;\">\n                    <div>\n                         Normatividad\n                         <div class=\"cont-line-animation cont-line-animation-nor\"><\/div>\n                    <\/div>\n                    \n                <\/div>\n                \n                <span>\n<!--General, T\u00e9cnica, Jur\u00eddica\n                <ul>\n                  <li>General<\/li>\n                  <li>T\u00e9cnica<\/li>\n                  <li>Jur\u00eddica<\/li>\n               <\/ul>--> \n                <\/span>\n            <\/div>\n        <\/div>  \n        \n        <div class=\"cont-elements-graph cgca\" id=\"hexagono-7\">\n            <a href=\"\/index.php\/preservacion-digital\/\" class=\"general-anchore-exagon\"><div class=\"cont-img-icon-hexagono\"><\/div><\/a>\n            <a class=\"hexagono\">\n                <span class=\"hexagono-content\">\n\n                <\/span>\n            <\/a>\n            <div class=\"cont-text-asociate-hexagon\">\n                <div class=\"title-text-desc\" style=\"text-align: left; display: flex;\">\n                     <div>\n                        Preservaci\u00f3n digital\n                        <div class=\"cont-line-animation cont-line-animation-pres\"><\/div>\n                     <\/div>\n                     \n                <\/div>\n                <span style=\"\n                text-align: left;\n            \">\n                <!--Lorem Ipsum is simply dummy text of the printing and typesetting industry.-->\n                <\/span>\n\n\n            <\/div>\n        <\/div>\n        \n    <\/div>\n  <\/div>\n\n\n   <!--<img src=\"http:\/\/site-dgru.lan.ccud.unam.mx\/wp-content\/uploads\/2019\/12\/back-diagram-trans.png\" style=\"width:85%\">\n-->\n\n\n<\/div> <!-- fin id diagram-circle-dgrua -->\n\n\n   <\/div><!-- fin class  container-col-left-cont -->\n\n\n\n   <div class=\"container-col-rigth-cont\">\n\n<div class=\"contenedor-parrafos-plataformas-dgru\">\n  <div class=\"contenedor-texto-informacion-dgru\">\n    \n   <div id=\"imagen-riunam\">\n        \n        <div class=\"cont-title-card-repo main-title-image-platform\">\n             Repositorio Institucional de la UNAM\n        <\/div>\n         \n        <div class=\"cont-text-img-riunam\">\n           \n            <img id=\"cont-img-card-riunam\" class=\"img-main-platform-min\" src=\"\/wp-content\/uploads\/2019\/12\/RIUNAM-spash.png\">\n           <div><\/div>\n           <div class=\"cont-anim-text-riunam\">\n              <p>\n              <span>\n                 Permite integrar, publicar y consultar los contenidos acad\u00e9micos que genera y resguarda la Universidad.\n\n              <br>\n             <br>\n              <span class=\"config-anchore-link-card\"><a href=\"\/index.php\/repositorio-institucional-unam-2\/\">Descripci\u00f3n<\/a> <\/span> <span class=\"config-pipe-link-card\">|<\/span> <span class=\"config-anchore-link-card\"><a target=\"_blank\" rel=\"noopener noreferrer\" href=\"https:\/\/repositorio.unam.mx\/\"> Acceso al repositorio <\/a><\/span>\n              <\/span>\n              <\/p>\n           <\/div>\n        <\/div>\n\n        \n        <div class=\"cont-actions-cards-mov\" style=\"justify-content: space-around;\">\n   \n   <span class=\"config-anchore-link-card\" style=\"padding: 10px 0;\"><a href=\"\/index.php\/repositorio-institucional-unam-2\/\">Descripci\u00f3n<\/a> <\/span> <span class=\"config-pipe-link-card\" style=\"padding: 10px 0;\">|<\/span> <span class=\"config-anchore-link-card\" style=\"padding: 10px 0;\"><a target=\"_blank\" rel=\"noopener noreferrer\" href=\"https:\/\/repositorio.unam.mx\/\"> Acceso al repositorio <\/a><\/span>\n   \n   \n   \n   <div><\/div><\/div>\n\n      \n<\/div>\n\n    <!--<p>El <span><a href=\"https:\/\/repositorio.unam.mx\/\" class=\"config-title-desc\" target=\"_blank\" rel=\"noopener noreferrer\">Repositorio Institucional de la UNAM (RI-UNAM)<\/a><\/span> permite integrar, publicar y consultar los contenidos acad\u00e9micos que genera y resguarda la Universidad.<\/p>\n    <p>El RI-UNAM tiene entre sus objetivos ser una ventana para la consulta en l\u00ednea de los contenidos que genera o resguarda la Universidad, proporcionar servicios para dep\u00f3sito, cosecha, custodia, resguardo, preservaci\u00f3n y diseminaci\u00f3n de los contenidos siguiendo est\u00e1ndares internacionales, adem\u00e1s de permitir el acceso desde otras plataformas tecnol\u00f3gicas, sin perjuicio de las disposiciones en materia de protecci\u00f3n de la propiedad intelectual o industrial y con apego a la legislaci\u00f3n vigente aplicable.<\/p>-->\n  <\/div>\n\n  <div class=\"contenedor-texto-informacion-dgru\">\n    \n    <div id=\"imagen-portal-datos\">\n      \n        \n         <div class=\"main-title-image-platform\">\n       Portal de Datos Abiertos UNAM, \n          Colecciones Universitarias\n     <\/div>\n\n         <div class=\"cont-text-img-pda\">\n             <img id=\"cont-img-card-pda\" class=\"img-main-platform-min\" src=\"\/wp-content\/uploads\/2019\/12\/PDA-spalsh.png\">\n             <div><\/div>\n             <div class=\"cont-anim-text-pda\">\n                 <p>Difunde el vasto patrimonio de informaci\u00f3n primaria generada por el trabajo cotidiano de su personal acad\u00e9mico.\n\n                     <br>\n                     <br>\n              <span class=\"config-anchore-link-card\"><a href=\"\/index.php\/portal-de-datos-abiertos-unam-colecciones-universitarias-2\/\">Descripci\u00f3n<\/a> <\/span> <span class=\"config-pipe-link-card\">|<\/span> <span class=\"config-anchore-link-card\"><a target=\"_blank\" rel=\"noopener noreferrer\" href=\"https:\/\/datosabiertos.unam.mx\/\"> Acceso al portal <\/a><\/span>\n\n                <\/p>\n             <\/div>\n         <\/div>\n      \n\n         <div class=\"cont-actions-cards-mov\" style=\"\/*! padding: 10px; *\/justify-content: space-around;\">\n<span class=\"config-anchore-link-card\" style=\"padding: 10px 0;\"><a href=\"\/index.php\/portal-de-datos-abiertos-unam-colecciones-universitarias-2\/\" style=\"\/*! padding: 10px 0; *\/\">Descripci\u00f3n<\/a> <\/span> <span class=\"config-pipe-link-card\" style=\"padding: 10px 0;\">|<\/span> <span class=\"config-anchore-link-card\" style=\"padding: 10px 0;\"><a target=\"_blank\" rel=\"noopener noreferrer\" href=\"https:\/\/datosabiertos.unam.mx\/\"> Acceso al portal <\/a><\/span>\n    \n    \n<\/div>\n\n\n      \n\n   <\/div>\n\n    <!--<p>El <span><a href=\"https:\/\/datosabiertos.unam.mx\/\" class=\"config-title-desc\" target=\"_blank\" rel=\"noopener noreferrer\">Portal de Datos Abiertos UNAM, Colecciones Universitarias<\/a><\/span>, difunde el vasto patrimonio de informaci\u00f3n primaria generada por el trabajo cotidiano de su personal acad\u00e9mico, el cual se encuentra almacenado en las diversas colecciones que custodian las diferentes entidades acad\u00e9micas de la UNAM. Estos datos son integrados y publicados como Datos Abiertos de las Colecciones Universitarias Digitales, con el fin de optimizar su uso para generar nuevo conocimiento y propiciar que la investigaci\u00f3n de la UNAM tenga un mayor impacto para el an\u00e1lisis y soluci\u00f3n de los principales problemas de nuestro pa\u00eds.<\/p>-->\n\n<!--\n<div id=\"container-datos-contingencia\">\n    <div class=\"cont-datos-contingencia\" style=\"\n    padding: 10px 5px;\n    background-color: #be341d;\n    color: #fff;\n    border-radius: 4px 4px 0 0;\n    margin: 0 auto;\n\">\n    <h5 style=\"\n    color: #fff;\n    font-size: 1em;\n    text-align: justify;\n    border-radius: -3px;\n    letter-spacing: 1.5px;\n    font-family: 'Rubik', sans-serif;\n    display: flex;\n    justify-content: space-between;\n    \/* align-items: center; *\/\n\">\n   \n\n<span style=\"\n    \/* font-size: 20px; *\/\n  padding: 0 5px;\ntext-align: center !important;\n\">\n    \n    <a href=\"\/wp-content\/uploads\/2022\/08\/526.08_DIRECCION-GENERAL-DE-REPOSITORIOS-UNIVERSITARIOS.pdf\" title=\"PROTOCOLO PARA LAS ACTIVIDADES UNIVERSITARIAS EN LA DGRU\" rel=\"noopener noreferrer\" target=\"_blank\" style=\"color:#fff;\">Protocolo para las actividades universitarias en la DGRU<\/a><\/span>\n    <\/h5>\n\n<\/div>\n<div style=\"\n    padding: 10px 5px;\n    background-color: rgb(238 129 38);\n    color: #fff;\n    border-radius: 0 0 4px 4px;\n    margin: 0 auto;\n    text-align: center; cursor:pointer;\n\"><label class=\"modal-open modal-label modal-height\" for=\"modal-open5\" style=\"height: inherit;\">Responsable sanitario de la DGRU<\/label><\/div>\n\n\n    <div class=\"cont-responsable-sanitario\"><\/div>\n\n\n<\/div>\n-->\n\n<!--AQUI INICIA BLOQUE DECLARATORIA VIOLENCIA GENERO-->\n\n<div id=\"container-violencia-genero\">\n    <!--\n    <div id=\"cont-web-violencia-genero\" class=\"cont-datos-genero\">\n      <h5>\n      <a href=\"https:\/\/www.defensoria.unam.mx\/\" style=\"text-align: center;width: 100%;\" title=\"Atenci\u00f3n a casos de violencia de g\u00e9nero\" rel=\"noopener noreferrer\" target=\"_blank\">Atenci\u00f3n a casos de <br> violencia de g\u00e9nero<\/a>\n     <\/h5>\n    <\/div>\n    -->\n<div id=\"cont-igualdad-genero\" class=\"cont-datos-genero\">\n     <a href=\"https:\/\/coordinaciongenero.unam.mx\/\" target=\"_blank\" rel=\"noopener noreferrer\">Igualdad de g\u00e9nero en la UNAM<\/a>\n<\/div>\n\n<div id=\"cont-info-genero\" class=\"cont-datos-genero\">\n     <!--\n     <div>\n<label id=\"tooltip-violencia-genero\" class=\"\" for=\"modal-open6\">Responsable de <br> Igualdad de G\u00e9nero <br>DGRU<\/label>\n     <\/div>\n     -->\n\n     <div>\n        <span><a href=\"https:\/\/dgru.unam.mx\/wp-content\/uploads\/2021\/08\/Declaratoria_Igualdad_Genero_WEB.pdf\" target=\"_blank\" rel=\"noopener noreferrer\">Declaratoria de <br> cero tolerancia DGRU<\/a><\/span>\n     <\/div>\n<\/div>\n\n<!--\n<div class=\"cont-datos-genero violencia-mujer-25\">\n     <a href=\"https:\/\/www.sdi.unam.mx\/cinig_sdi\/\" target=\"_blank\" rel=\"noopener noreferrer\" title=\"D\u00eda Internacional de la Eliminaci\u00f3n de la Violencia contra la Mujer\">Invitaci\u00f3n conversatorio<\/a>\n<\/div>   \n-->\n\n<\/div>\n\n<!--AQUI TERMINA BLOQUE DECLARATORIA VIOLENCIA GENERO-->\n\n\n\n\n  <\/div>\n\n<\/div>\n\n\n\n\n   <\/div><!-- fin class  container-col-rigth-cont-->\n\n\n\n\n<\/div><!-- fin class  container-main-gral-cont-->\n\n\n\n\n\n<!--<div class=\"container-platforms-p1\">\n<a href=\"https:\/\/repositorio.unam.mx\/\" target=\"_blank\" style=\"outline: none;\" rel=\"noopener noreferrer\">\n    <div class=\"cont-single-platform-p1\">\n    <div class=\"cont-data-main-platform-p1\">\n\n<div class=\"cont-efect-element-p1\">\n    <div class=\"propuesta1\"><\/div>\n<\/div>\n\n<div class=\"title-dgru config-general-text-dgru\">RI-UNAM<\/div>\n<div class=\"sub-title-dgru config-general-text-dgru\">Repositorio Institucional de la UNAM<\/div>\n<div class=\"total-dgru config-general-text-dgru\">2,737,482 recursos digitales<\/div>\n<\/div>\n<\/a>\n    <div class=\"cont-data-description-platform-p1\">\n    <span>\n    El <span><a href=\"https:\/\/repositorio.unam.mx\/\" class=\"config-title-desc\" target=\"_blank\" rel=\"noopener noreferrer\">Repositorio Institucional de la UNAM (RI-UNAM)<\/a><\/span> permite integrar, publicar y consultar los contenidos acad\u00e9micos que genera y resguarda la Universidad.<br>\nEl RI-UNAM tiene entre sus objetivos ser una ventana para la consulta en l\u00ednea de los contenidos que genera o resguarda la Universidad, proporcionar servicios para dep\u00f3sito, cosecha, custodia, resguardo, preservaci\u00f3n y diseminaci\u00f3n de los contenidos siguiendo est\u00e1ndares internacionales, adem\u00e1s de permitir el acceso desde otras plataformas tecnol\u00f3gicas, sin perjuicio de las disposiciones en materia de protecci\u00f3n de la propiedad intelectual o industrial y con apego a la legislaci\u00f3n vigente aplicable.\n    <\/span>\n\n<\/div>\n<\/div>\n    <div class=\"cont-single-platform-p1 resolution-movil-platform-p1\">\n    <div class=\"cont-data-description-platform-p1 texto-dgru-p2\">\n    <span>\n   El <span><a href=\"https:\/\/datosabiertos.unam.mx\/\" class=\"config-title-desc\" target=\"_blank\" rel=\"noopener noreferrer\">Portal de Datos Abiertos UNAM, Colecciones Universitarias<\/a><\/span>, difunde el vasto patrimonio de informaci\u00f3n primaria generada por el trabajo cotidiano de su personal acad\u00e9mico, el cual se encuentra almacenado en las diversas colecciones que custodian las diferentes entidades acad\u00e9micas de la UNAM. Estos datos son integrados y publicados como Datos Abiertos de las Colecciones Universitarias Digitales, con el fin de optimizar su uso para generar nuevo conocimiento y propiciar que la investigaci\u00f3n de la UNAM tenga un mayor impacto para el an\u00e1lisis y soluci\u00f3n de los principales problemas de nuestro pa\u00eds.\n    <\/span>\n<\/div>\n   \n<a href=\"https:\/\/datosabiertos.unam.mx\/\" target=\"_blank\" style=\"outline: none;\" rel=\"noopener noreferrer\">\n <div class=\"cont-data-main-platform-p1-2\">\n      <div class=\"cont-efect-element-p1\">\n          <div class=\"propuesta1\"><\/div>\n      <\/div>\n\n  <div class=\"title-dgru config-general-text-dgru\">PDA-UNAM<\/div>\n  <div class=\"sub-title-dgru config-general-text-dgru\">Portal de Datos Abiertos UNAM, Colecciones Universitarias<\/div>\n   <div class=\"total-dgru config-general-text-dgru\">1,914,351 registros<\/div>\n  <\/div>\n<\/a>\n<\/div>-->\n\n\n\n\n<!--<div id=\"banners-dgru-carrusel\">\n   <div class=\"container-slider-dgru\">\n       <img class='photo' src=\"http:\/\/site-dgru.lan.ccud.unam.mx\/wp-content\/uploads\/2019\/11\/1.jpg\" alt=\"1\" \/>\n       <img class='photo' src=\"http:\/\/site-dgru.lan.ccud.unam.mx\/wp-content\/uploads\/2019\/11\/2.jpg\" alt=\"2\" \/>\n       <img class='photo' src=\"http:\/\/site-dgru.lan.ccud.unam.mx\/wp-content\/uploads\/2019\/11\/3.jpg\" alt=\"3\" \/>\n   <\/div>\n<\/div>-->\n\n\n\n\n\n<input type=\"radio\" name=\"modal\" value=\"open\" id=\"modal-open5\" class=\"modal-radio\">\n<div class=\"modal modal5\" style=\"z-index:999;\">\n    <label class=\"modal-label overlay\">\n            <input type=\"radio\" name=\"modal\" value=\"close\" class=\"modal-radio\">\n    <\/label>\n    <div class=\"content\" style=\"width: 40%;\">\n       <div class=\"info-org-subcategories-dgru\" style=\"overflow: hidden;height: 30vh;\">\n        <div class=\"top\">\n            <label class=\"modal-label close-btn\">\n                <input type=\"radio\" name=\"modal\" value=\"close\" class=\"modal-radio\">\n            <\/label>\n            <p><strong class=\"my-title-modal\">Responsable sanitario de la DGRU <\/strong><\/p>\n            <p class=\"description-text-modal text-directory-dgru title-objective-dgru\"><\/p>\n            \n            M. en C. Laura P. Olgu\u00edn P\u00e9rez<br>\n            Correo: laura.olguin@dgru.unam.mx<br>\n            Tel\u00e9fono: (55) 5623 7722\n\n          \n          <\/div>\n        <\/div>\n    <\/div>\n<\/div>\n\n\n\n\n<input type=\"radio\" name=\"modal\" value=\"open\" id=\"modal-open6\" class=\"modal-radio\">\n<div class=\"modal modal6\" style=\"z-index:999;\">\n    <label class=\"modal-label overlay\">\n            <input type=\"radio\" name=\"modal\" value=\"close\" class=\"modal-radio\">\n    <\/label>\n    <div class=\"content\" style=\"width: 40%;\">\n       <div class=\"info-org-subcategories-dgru\" style=\"overflow: hidden;height: 30vh;\">\n        <div class=\"top\">\n            <label class=\"modal-label close-btn\">\n                <input type=\"radio\" name=\"modal\" value=\"close\" class=\"modal-radio\">\n            <\/label>\n            <p><strong class=\"my-title-modal\">Responsable de Igualdad de G\u00e9nero en la DGRU <\/strong><\/p>\n            <p class=\"description-text-modal text-directory-dgru title-objective-dgru\"><\/p>\n            \n           Edurne Uriarte Santill\u00e1n<br>\n            edurne.uriarte@dgru.unam.mx<br>\n            Tel. 5623-7723\n\n          \n          <\/div>\n        <\/div>\n    <\/div>\n<\/div>\n\n\n\n<p><\/p>\n","protected":false},"excerpt":{"rendered":"<p>La Direcci\u00f3n General de Repositorios Universitarios (DGRU), tiene como objetivo principal desarrollar e implementar tecnolog\u00edas,&#8230;<\/p>\n","protected":false},"author":2,"featured_media":0,"parent":0,"menu_order":0,"comment_status":"closed","ping_status":"closed","template":"","meta":[],"_links":{"self":[{"href":"https:\/\/dgru.unam.mx\/index.php\/wp-json\/wp\/v2\/pages\/62"}],"collection":[{"href":"https:\/\/dgru.unam.mx\/index.php\/wp-json\/wp\/v2\/pages"}],"about":[{"href":"https:\/\/dgru.unam.mx\/index.php\/wp-json\/wp\/v2\/types\/page"}],"author":[{"embeddable":true,"href":"https:\/\/dgru.unam.mx\/index.php\/wp-json\/wp\/v2\/users\/2"}],"replies":[{"embeddable":true,"href":"https:\/\/dgru.unam.mx\/index.php\/wp-json\/wp\/v2\/comments?post=62"}],"version-history":[{"count":309,"href":"https:\/\/dgru.unam.mx\/index.php\/wp-json\/wp\/v2\/pages\/62\/revisions"}],"predecessor-version":[{"id":3657,"href":"https:\/\/dgru.unam.mx\/index.php\/wp-json\/wp\/v2\/pages\/62\/revisions\/3657"}],"wp:attachment":[{"href":"https:\/\/dgru.unam.mx\/index.php\/wp-json\/wp\/v2\/media?parent=62"}],"curies":[{"name":"wp","href":"https:\/\/api.w.org\/{rel}","templated":true}]}}