{"id":66,"date":"2019-08-22T13:55:42","date_gmt":"2019-08-22T18:55:42","guid":{"rendered":"http:\/\/10.1.6.193\/wordpress\/?page_id=66"},"modified":"2019-11-26T10:55:36","modified_gmt":"2019-11-26T16:55:36","slug":"mision-vision-y-objetivos","status":"publish","type":"page","link":"https:\/\/dgru.unam.mx\/index.php\/mision-vision-y-objetivos\/","title":{"rendered":"Misi\u00f3n, visi\u00f3n y objetivos"},"content":{"rendered":"\n<div class=\"content-objetives-dgru\">\n        <p class=\"title-objective-dgru\">Misi\u00f3n<\/p>\n        <p>La DGRU tiene como misi\u00f3n coadyuvar en la gesti\u00f3n digital del conocimiento a trav\u00e9s del desarrollo, operaci\u00f3n y actualizaci\u00f3n del Repositorio Institucional de la Universidad Nacional Aut\u00f3noma de M\u00e9xico que integra los contenidos albergados en los repositorios de las diversas entidades y dependencias universitarias.<\/p>\n        <p class=\"title-objective-dgru\">Visi\u00f3n<\/p>\n        <p>Esta dependencia, tiene como visi\u00f3n generar puentes de conocimiento en la UNAM, entre disciplinas, campos tem\u00e1ticos, entidades y dependencias, a trav\u00e9s del uso inteligente de repositorios digitales y otras tecnolog\u00edas de informaci\u00f3n y comunicaci\u00f3n.<\/p>\n       <p class=\"title-objective-dgru\">Objetivos<\/p>\n       <p>Su objetivo general consiste en desarrollar e implementar tecnolog\u00edas (plataformas, API, portal, protocolos de comunicaci\u00f3n), metodolog\u00edas de gesti\u00f3n de datos (estructuraci\u00f3n, estandarizaci\u00f3n, control de calidad, aplicaci\u00f3n de vocabularios controlados, generaci\u00f3n de cat\u00e1logos y clasificaci\u00f3n) y normatividad t\u00e9cnica (lineamientos, protocolos de integraci\u00f3n, procedimientos) y jur\u00eddica (lineamientos, pol\u00edticas y t\u00e9rminos de uso) para los repositorios digitales universitarios. Lo anterior tiene como fin promover la interoperabilidad, el acceso abierto y la preservaci\u00f3n de las colecciones universitarias, datos de investigaci\u00f3n y otros acervos digitales, que son propiedad o est\u00e1n bajo resguardo de la Universidad.<\/p>\n<\/div>\n\n\n\n<p><\/p>\n","protected":false},"excerpt":{"rendered":"<p>Misi\u00f3n La DGRU tiene como misi\u00f3n coadyuvar en la gesti\u00f3n digital del conocimiento a trav\u00e9s&#8230;<\/p>\n","protected":false},"author":2,"featured_media":0,"parent":0,"menu_order":0,"comment_status":"closed","ping_status":"closed","template":"","meta":[],"_links":{"self":[{"href":"https:\/\/dgru.unam.mx\/index.php\/wp-json\/wp\/v2\/pages\/66"}],"collection":[{"href":"https:\/\/dgru.unam.mx\/index.php\/wp-json\/wp\/v2\/pages"}],"about":[{"href":"https:\/\/dgru.unam.mx\/index.php\/wp-json\/wp\/v2\/types\/page"}],"author":[{"embeddable":true,"href":"https:\/\/dgru.unam.mx\/index.php\/wp-json\/wp\/v2\/users\/2"}],"replies":[{"embeddable":true,"href":"https:\/\/dgru.unam.mx\/index.php\/wp-json\/wp\/v2\/comments?post=66"}],"version-history":[{"count":42,"href":"https:\/\/dgru.unam.mx\/index.php\/wp-json\/wp\/v2\/pages\/66\/revisions"}],"predecessor-version":[{"id":1617,"href":"https:\/\/dgru.unam.mx\/index.php\/wp-json\/wp\/v2\/pages\/66\/revisions\/1617"}],"wp:attachment":[{"href":"https:\/\/dgru.unam.mx\/index.php\/wp-json\/wp\/v2\/media?parent=66"}],"curies":[{"name":"wp","href":"https:\/\/api.w.org\/{rel}","templated":true}]}}